{"id":47676,"date":"2024-03-10T10:02:29","date_gmt":"2024-03-10T08:02:29","guid":{"rendered":"https:\/\/www.weldingacademyeu.com\/produkt\/caciula-de-iarna-wa-eu\/"},"modified":"2026-04-15T08:55:45","modified_gmt":"2026-04-15T06:55:45","slug":"caciula-de-iarna-wa-eu","status":"publish","type":"product","link":"https:\/\/www.weldingacademyeu.com\/ro\/produkt\/caciula-de-iarna-wa-eu\/","title":{"rendered":"C\u0103ciul\u0103 de iarn\u0103 WA EU"},"content":{"rendered":"","protected":false},"excerpt":{"rendered":"","protected":false},"featured_media":47680,"comment_status":"open","ping_status":"closed","template":"","meta":{"_acf_changed":false,"editor_plus_copied_stylings":"{}"},"product_brand":[],"product_cat":[524,1115],"product_tag":[],"class_list":{"0":"post-47676","1":"product","2":"type-product","3":"status-publish","4":"has-post-thumbnail","6":"product_cat-magazin","7":"product_cat-akce","8":"member-discount","9":"discount-restricted","11":"first","12":"onbackorder","13":"taxable","14":"shipping-taxable","15":"product-type-simple"},"bundled_by":[],"bundle_stock_status":"onbackorder","bundle_stock_quantity":null,"bundle_virtual":false,"bundle_layout":"","bundle_add_to_cart_form_location":"","bundle_editable_in_cart":false,"bundle_sold_individually_context":"","bundle_item_grouping":"","bundle_min_size":"","bundle_max_size":"","bundle_price":[],"bundled_items":[],"bundle_sell_ids":[],"acf":[],"_links":{"self":[{"href":"https:\/\/www.weldingacademyeu.com\/ro\/wp-json\/wp\/v2\/product\/47676","targetHints":{"allow":["GET"]}}],"collection":[{"href":"https:\/\/www.weldingacademyeu.com\/ro\/wp-json\/wp\/v2\/product"}],"about":[{"href":"https:\/\/www.weldingacademyeu.com\/ro\/wp-json\/wp\/v2\/types\/product"}],"replies":[{"embeddable":true,"href":"https:\/\/www.weldingacademyeu.com\/ro\/wp-json\/wp\/v2\/comments?post=47676"}],"version-history":[{"count":1,"href":"https:\/\/www.weldingacademyeu.com\/ro\/wp-json\/wp\/v2\/product\/47676\/revisions"}],"predecessor-version":[{"id":47681,"href":"https:\/\/www.weldingacademyeu.com\/ro\/wp-json\/wp\/v2\/product\/47676\/revisions\/47681"}],"wp:featuredmedia":[{"embeddable":true,"href":"https:\/\/www.weldingacademyeu.com\/ro\/wp-json\/wp\/v2\/media\/47680"}],"wp:attachment":[{"href":"https:\/\/www.weldingacademyeu.com\/ro\/wp-json\/wp\/v2\/media?parent=47676"}],"wp:term":[{"taxonomy":"product_brand","embeddable":true,"href":"https:\/\/www.weldingacademyeu.com\/ro\/wp-json\/wp\/v2\/product_brand?post=47676"},{"taxonomy":"product_cat","embeddable":true,"href":"https:\/\/www.weldingacademyeu.com\/ro\/wp-json\/wp\/v2\/product_cat?post=47676"},{"taxonomy":"product_tag","embeddable":true,"href":"https:\/\/www.weldingacademyeu.com\/ro\/wp-json\/wp\/v2\/product_tag?post=47676"}],"curies":[{"name":"wp","href":"https:\/\/api.w.org\/{rel}","templated":true}]}}