{"id":31092,"date":"2024-05-26T20:47:08","date_gmt":"2024-05-26T18:47:08","guid":{"rendered":"https:\/\/www.weldingacademyeu.com\/product\/snapback-negru\/"},"modified":"2026-04-15T08:58:17","modified_gmt":"2026-04-15T06:58:17","slug":"snapback-negru","status":"publish","type":"product","link":"https:\/\/www.weldingacademyeu.com\/ro\/produkt\/snapback-negru\/","title":{"rendered":"SnapBack &#8211; negru"},"content":{"rendered":"\t\t<div data-elementor-type=\"product-post\" data-elementor-id=\"31092\" class=\"elementor elementor-31092 elementor-5074\" data-elementor-post-type=\"product\">\n\t\t\t\t<div class=\"elementor-element elementor-element-5b0bfd0e e-flex e-con-boxed e-con e-parent\" data-id=\"5b0bfd0e\" data-element_type=\"container\">\n\t\t\t\t\t<div class=\"e-con-inner\">\n\t\t<div class=\"elementor-element elementor-element-262e0f1a e-con-full e-flex e-con e-child\" data-id=\"262e0f1a\" data-element_type=\"container\">\n\t\t\t\t<div class=\"elementor-element elementor-element-163cc16 elementor-widget elementor-widget-image\" data-id=\"163cc16\" data-element_type=\"widget\" data-widget_type=\"image.default\">\n\t\t\t\t<div class=\"elementor-widget-container\">\n\t\t\t\t\t\t\t\t\t\t\t\t\t\t\t<img fetchpriority=\"high\" decoding=\"async\" width=\"1200\" height=\"1200\" src=\"https:\/\/www.weldingacademyeu.com\/wp-content\/uploads\/2024\/05\/Foto-15.jpg\" class=\"attachment-full size-full wp-image-15035\" alt=\"\" srcset=\"https:\/\/www.weldingacademyeu.com\/wp-content\/uploads\/2024\/05\/Foto-15.jpg 1200w, https:\/\/www.weldingacademyeu.com\/wp-content\/uploads\/2024\/05\/Foto-15-800x800.jpg 800w, https:\/\/www.weldingacademyeu.com\/wp-content\/uploads\/2024\/05\/Foto-15-150x150.jpg 150w, https:\/\/www.weldingacademyeu.com\/wp-content\/uploads\/2024\/05\/Foto-15-300x300.jpg 300w, https:\/\/www.weldingacademyeu.com\/wp-content\/uploads\/2024\/05\/Foto-15-1024x1024.jpg 1024w, https:\/\/www.weldingacademyeu.com\/wp-content\/uploads\/2024\/05\/Foto-15-768x768.jpg 768w, https:\/\/www.weldingacademyeu.com\/wp-content\/uploads\/2024\/05\/Foto-15-624x624.jpg 624w, https:\/\/www.weldingacademyeu.com\/wp-content\/uploads\/2024\/05\/Foto-15-50x50.jpg 50w, https:\/\/www.weldingacademyeu.com\/wp-content\/uploads\/2024\/05\/Foto-15-100x100.jpg 100w\" sizes=\"(max-width: 1200px) 100vw, 1200px\" \/>\t\t\t\t\t\t\t\t\t\t\t\t\t\t\t<\/div>\n\t\t\t\t<\/div>\n\t\t\t\t<div class=\"elementor-element elementor-element-5c02702 elementor-widget elementor-widget-heading\" data-id=\"5c02702\" data-element_type=\"widget\" data-widget_type=\"heading.default\">\n\t\t\t\t<div class=\"elementor-widget-container\">\n\t\t\t\t\t<h2 class=\"elementor-heading-title elementor-size-default\">Materiale de calitate<\/h2>\t\t\t\t<\/div>\n\t\t\t\t<\/div>\n\t\t\t\t<div class=\"elementor-element elementor-element-7262893c elementor-widget elementor-widget-text-editor\" data-id=\"7262893c\" data-element_type=\"widget\" data-widget_type=\"text-editor.default\">\n\t\t\t\t<div class=\"elementor-widget-container\">\n\t\t\t\t\t\t\t\t\t\u0218apca este complet din bumbac.\nPotrivit ca o casc\u0103 \u00eentr-un mediu curat. \t\t\t\t\t\t\t\t<\/div>\n\t\t\t\t<\/div>\n\t\t\t\t<\/div>\n\t\t<div class=\"elementor-element elementor-element-4b3e3d46 e-con-full e-flex e-con e-child\" data-id=\"4b3e3d46\" data-element_type=\"container\">\n\t\t\t\t<div class=\"elementor-element elementor-element-709da9dc elementor-widget elementor-widget-image\" data-id=\"709da9dc\" data-element_type=\"widget\" data-widget_type=\"image.default\">\n\t\t\t\t<div class=\"elementor-widget-container\">\n\t\t\t\t\t\t\t\t\t\t\t\t\t\t\t<img decoding=\"async\" width=\"1200\" height=\"1200\" src=\"https:\/\/www.weldingacademyeu.com\/wp-content\/uploads\/2024\/05\/Foto-14.jpg\" class=\"attachment-full size-full wp-image-15030\" alt=\"\" srcset=\"https:\/\/www.weldingacademyeu.com\/wp-content\/uploads\/2024\/05\/Foto-14.jpg 1200w, https:\/\/www.weldingacademyeu.com\/wp-content\/uploads\/2024\/05\/Foto-14-800x800.jpg 800w, https:\/\/www.weldingacademyeu.com\/wp-content\/uploads\/2024\/05\/Foto-14-150x150.jpg 150w, https:\/\/www.weldingacademyeu.com\/wp-content\/uploads\/2024\/05\/Foto-14-300x300.jpg 300w, https:\/\/www.weldingacademyeu.com\/wp-content\/uploads\/2024\/05\/Foto-14-1024x1024.jpg 1024w, https:\/\/www.weldingacademyeu.com\/wp-content\/uploads\/2024\/05\/Foto-14-768x768.jpg 768w, https:\/\/www.weldingacademyeu.com\/wp-content\/uploads\/2024\/05\/Foto-14-624x624.jpg 624w, https:\/\/www.weldingacademyeu.com\/wp-content\/uploads\/2024\/05\/Foto-14-50x50.jpg 50w, https:\/\/www.weldingacademyeu.com\/wp-content\/uploads\/2024\/05\/Foto-14-100x100.jpg 100w\" sizes=\"(max-width: 1200px) 100vw, 1200px\" \/>\t\t\t\t\t\t\t\t\t\t\t\t\t\t\t<\/div>\n\t\t\t\t<\/div>\n\t\t\t\t<div class=\"elementor-element elementor-element-5b472afd elementor-widget elementor-widget-heading\" data-id=\"5b472afd\" data-element_type=\"widget\" data-widget_type=\"heading.default\">\n\t\t\t\t<div class=\"elementor-widget-container\">\n\t\t\t\t\t<h2 class=\"elementor-heading-title elementor-size-default\">\u0218apc\u0103 club SnapBack<\/h2>\t\t\t\t<\/div>\n\t\t\t\t<\/div>\n\t\t\t\t<div class=\"elementor-element elementor-element-466b37a1 elementor-widget elementor-widget-text-editor\" data-id=\"466b37a1\" data-element_type=\"widget\" data-widget_type=\"text-editor.default\">\n\t\t\t\t<div class=\"elementor-widget-container\">\n\t\t\t\t\t\t\t\t\t\u0218apc\u0103 neagr\u0103 100% bumbac cu logo-ul clubului Welding Academy EU.\nCel mai popular produs al nostru. \t\t\t\t\t\t\t\t<\/div>\n\t\t\t\t<\/div>\n\t\t\t\t<\/div>\n\t\t\t\t\t<\/div>\n\t\t\t\t<\/div>\n\t\t<div class=\"elementor-element elementor-element-43af4064 e-flex e-con-boxed e-con e-parent\" data-id=\"43af4064\" data-element_type=\"container\">\n\t\t\t\t\t<div class=\"e-con-inner\">\n\t\t<div class=\"elementor-element elementor-element-9a34a3f e-con-full e-flex e-con e-child\" data-id=\"9a34a3f\" data-element_type=\"container\">\n\t\t\t\t<div class=\"elementor-element elementor-element-4248994c elementor-widget elementor-widget-image\" data-id=\"4248994c\" data-element_type=\"widget\" data-widget_type=\"image.default\">\n\t\t\t\t<div class=\"elementor-widget-container\">\n\t\t\t\t\t\t\t\t\t\t\t\t\t\t\t<img decoding=\"async\" width=\"1200\" height=\"1200\" src=\"https:\/\/www.weldingacademyeu.com\/wp-content\/uploads\/2024\/05\/Foto-17.jpg\" class=\"attachment-full size-full wp-image-15045\" alt=\"\" srcset=\"https:\/\/www.weldingacademyeu.com\/wp-content\/uploads\/2024\/05\/Foto-17.jpg 1200w, https:\/\/www.weldingacademyeu.com\/wp-content\/uploads\/2024\/05\/Foto-17-800x800.jpg 800w, https:\/\/www.weldingacademyeu.com\/wp-content\/uploads\/2024\/05\/Foto-17-150x150.jpg 150w, https:\/\/www.weldingacademyeu.com\/wp-content\/uploads\/2024\/05\/Foto-17-300x300.jpg 300w, https:\/\/www.weldingacademyeu.com\/wp-content\/uploads\/2024\/05\/Foto-17-1024x1024.jpg 1024w, https:\/\/www.weldingacademyeu.com\/wp-content\/uploads\/2024\/05\/Foto-17-768x768.jpg 768w, https:\/\/www.weldingacademyeu.com\/wp-content\/uploads\/2024\/05\/Foto-17-624x624.jpg 624w, https:\/\/www.weldingacademyeu.com\/wp-content\/uploads\/2024\/05\/Foto-17-50x50.jpg 50w, https:\/\/www.weldingacademyeu.com\/wp-content\/uploads\/2024\/05\/Foto-17-100x100.jpg 100w\" sizes=\"(max-width: 1200px) 100vw, 1200px\" \/>\t\t\t\t\t\t\t\t\t\t\t\t\t\t\t<\/div>\n\t\t\t\t<\/div>\n\t\t\t\t<div class=\"elementor-element elementor-element-49703bab elementor-widget elementor-widget-heading\" data-id=\"49703bab\" data-element_type=\"widget\" data-widget_type=\"heading.default\">\n\t\t\t\t<div class=\"elementor-widget-container\">\n\t\t\t\t\t<h2 class=\"elementor-heading-title elementor-size-default\">Fixare reglabil\u0103<\/h2>\t\t\t\t<\/div>\n\t\t\t\t<\/div>\n\t\t\t\t<div class=\"elementor-element elementor-element-e055610 elementor-widget elementor-widget-text-editor\" data-id=\"e055610\" data-element_type=\"widget\" data-widget_type=\"text-editor.default\">\n\t\t\t\t<div class=\"elementor-widget-container\">\n\t\t\t\t\t\t\t\t\tFermoarul este reglabil pentru fiecare dimensiune a capului.\nSe potrive\u0219te perfect pe orice cap. \t\t\t\t\t\t\t\t<\/div>\n\t\t\t\t<\/div>\n\t\t\t\t<\/div>\n\t\t<div class=\"elementor-element elementor-element-f1f12a1 e-con-full e-flex e-con e-child\" data-id=\"f1f12a1\" data-element_type=\"container\">\n\t\t\t\t<div class=\"elementor-element elementor-element-361011b9 elementor-widget elementor-widget-image\" data-id=\"361011b9\" data-element_type=\"widget\" data-widget_type=\"image.default\">\n\t\t\t\t<div class=\"elementor-widget-container\">\n\t\t\t\t\t\t\t\t\t\t\t\t\t\t\t<img loading=\"lazy\" decoding=\"async\" width=\"1200\" height=\"1200\" src=\"https:\/\/www.weldingacademyeu.com\/wp-content\/uploads\/2024\/05\/Foto-20.jpg\" class=\"attachment-full size-full wp-image-15060\" alt=\"\" srcset=\"https:\/\/www.weldingacademyeu.com\/wp-content\/uploads\/2024\/05\/Foto-20.jpg 1200w, https:\/\/www.weldingacademyeu.com\/wp-content\/uploads\/2024\/05\/Foto-20-800x800.jpg 800w, https:\/\/www.weldingacademyeu.com\/wp-content\/uploads\/2024\/05\/Foto-20-150x150.jpg 150w, https:\/\/www.weldingacademyeu.com\/wp-content\/uploads\/2024\/05\/Foto-20-300x300.jpg 300w, https:\/\/www.weldingacademyeu.com\/wp-content\/uploads\/2024\/05\/Foto-20-1024x1024.jpg 1024w, https:\/\/www.weldingacademyeu.com\/wp-content\/uploads\/2024\/05\/Foto-20-768x768.jpg 768w, https:\/\/www.weldingacademyeu.com\/wp-content\/uploads\/2024\/05\/Foto-20-624x624.jpg 624w, https:\/\/www.weldingacademyeu.com\/wp-content\/uploads\/2024\/05\/Foto-20-50x50.jpg 50w, https:\/\/www.weldingacademyeu.com\/wp-content\/uploads\/2024\/05\/Foto-20-100x100.jpg 100w\" sizes=\"(max-width: 1200px) 100vw, 1200px\" \/>\t\t\t\t\t\t\t\t\t\t\t\t\t\t\t<\/div>\n\t\t\t\t<\/div>\n\t\t\t\t<div class=\"elementor-element elementor-element-232ebcc0 elementor-widget elementor-widget-heading\" data-id=\"232ebcc0\" data-element_type=\"widget\" data-widget_type=\"heading.default\">\n\t\t\t\t<div class=\"elementor-widget-container\">\n\t\t\t\t\t<h2 class=\"elementor-heading-title elementor-size-default\">Design intern  <\/h2>\t\t\t\t<\/div>\n\t\t\t\t<\/div>\n\t\t\t\t<div class=\"elementor-element elementor-element-7a5ae8e3 elementor-widget elementor-widget-text-editor\" data-id=\"7a5ae8e3\" data-element_type=\"widget\" data-widget_type=\"text-editor.default\">\n\t\t\t\t<div class=\"elementor-widget-container\">\n\t\t\t\t\t\t\t\t\ttivul interior este imprimat cu logo-ul Welding Academy EU \u0219i litere \u00een culorile clubului, ro\u0219u \u0219i negru.\t\t\t\t\t\t\t\t<\/div>\n\t\t\t\t<\/div>\n\t\t\t\t<\/div>\n\t\t\t\t\t<\/div>\n\t\t\t\t<\/div>\n\t\t<div class=\"elementor-element elementor-element-a68db58 e-flex e-con-boxed e-con e-parent\" data-id=\"a68db58\" data-element_type=\"container\">\n\t\t\t\t\t<div class=\"e-con-inner\">\n\t\t\t\t<div class=\"elementor-element elementor-element-6fd23da elementor-widget elementor-widget-heading\" data-id=\"6fd23da\" data-element_type=\"widget\" data-settings=\"{&quot;motion_fx_motion_fx_scrolling&quot;:&quot;yes&quot;,&quot;motion_fx_translateX_effect&quot;:&quot;yes&quot;,&quot;motion_fx_translateX_direction&quot;:&quot;negative&quot;,&quot;motion_fx_translateX_speed&quot;:{&quot;unit&quot;:&quot;px&quot;,&quot;size&quot;:6.3,&quot;sizes&quot;:[]},&quot;motion_fx_devices&quot;:[&quot;desktop&quot;],&quot;motion_fx_translateX_affectedRange&quot;:{&quot;unit&quot;:&quot;%&quot;,&quot;size&quot;:&quot;&quot;,&quot;sizes&quot;:{&quot;start&quot;:0,&quot;end&quot;:100}}}\" data-widget_type=\"heading.default\">\n\t\t\t\t<div class=\"elementor-widget-container\">\n\t\t\t\t\t<h2 class=\"elementor-heading-title elementor-size-default\">DETALII<\/h2>\t\t\t\t<\/div>\n\t\t\t\t<\/div>\n\t\t\t\t\t<\/div>\n\t\t\t\t<\/div>\n\t\t<div class=\"elementor-element elementor-element-256c4e0b e-flex e-con-boxed e-con e-parent\" data-id=\"256c4e0b\" data-element_type=\"container\">\n\t\t\t\t\t<div class=\"e-con-inner\">\n\t\t\t\t<div class=\"elementor-element elementor-element-9a3ebe9 elementor-widget elementor-widget-html\" data-id=\"9a3ebe9\" data-element_type=\"widget\" data-widget_type=\"html.default\">\n\t\t\t\t<div class=\"elementor-widget-container\">\n\t\t\t\t\t<table class=\"custom-table\">\n    <tbody>\n        <tr class=\"grey-background\">\n            <td>Fermoare<\/td><td>Snapback<\/td>\n        <\/tr>\n        <tr>\n            <td>Detalii<\/td><td>Logo patch pe fa\u021b\u0103, vizier\u0103 dreapt\u0103<\/td>\n        <\/tr>\n        <tr class=\"grey-background\">\n            <td>Con\u021binutul pachetului<\/td><td>Capac + autocolant<\/td>\n        <\/tr>\n       \n    <\/tbody>\n<\/table>\t\t\t\t<\/div>\n\t\t\t\t<\/div>\n\t\t\t\t\t<\/div>\n\t\t\t\t<\/div>\n\t\t<div class=\"elementor-element elementor-element-35ca5bc9 e-flex e-con-boxed e-con e-parent\" data-id=\"35ca5bc9\" data-element_type=\"container\">\n\t\t\t\t\t<div class=\"e-con-inner\">\n\t\t\t\t<div class=\"elementor-element elementor-element-4601e0fe elementor-widget elementor-widget-heading\" data-id=\"4601e0fe\" data-element_type=\"widget\" data-widget_type=\"heading.default\">\n\t\t\t\t<div class=\"elementor-widget-container\">\n\t\t\t\t\t<h2 class=\"elementor-heading-title elementor-size-default\">Compozi\u021bia produsului:  <\/h2>\t\t\t\t<\/div>\n\t\t\t\t<\/div>\n\t\t\t\t<div class=\"elementor-element elementor-element-1c3d1711 elementor-widget elementor-widget-text-editor\" data-id=\"1c3d1711\" data-element_type=\"widget\" data-widget_type=\"text-editor.default\">\n\t\t\t\t<div class=\"elementor-widget-container\">\n\t\t\t\t\t\t\t\t\t<p><strong>53% poliester.<\/strong>  Fibr\u0103 sintetic\u0103 foarte puternic\u0103 \u0219i durabil\u0103.\n\u021aes\u0103tura din amestec de poliester va ar\u0103ta bine chiar \u0219i dup\u0103 ce o purta\u021bi toat\u0103 ziua \u0219i nu ve\u021bi fierbe \u00een ea \u00een zilele caniculare.\nPoliesterul este hipoalergenic \u0219i u\u0219or de sp\u0103lat, dar verifica\u021bi \u00eentotdeauna eticheta pentru a fi siguri.  <\/p><p><strong>47% nylon.  <\/strong>Este cunoscut pentru \u00eentre\u021binerea sa u\u0219oar\u0103 \u0219i durabilitatea ridicat\u0103, astfel \u00eenc\u00e2t este greu de rupt.\nEste un material cu o absorb\u021bie minim\u0103 a umezelii, ceea ce \u00eel face ideal pentru \u00eembr\u0103c\u0103minte sport \u0219i uzur\u0103 zilnic\u0103, de exemplu. <\/p>\t\t\t\t\t\t\t\t<\/div>\n\t\t\t\t<\/div>\n\t\t\t\t\t<\/div>\n\t\t\t\t<\/div>\n\t\t<div class=\"elementor-element elementor-element-6156161a e-flex e-con-boxed e-con e-parent\" data-id=\"6156161a\" data-element_type=\"container\">\n\t\t\t\t\t<div class=\"e-con-inner\">\n\t\t\t\t<div class=\"elementor-element elementor-element-796e2833 elementor-widget elementor-widget-heading\" data-id=\"796e2833\" data-element_type=\"widget\" data-widget_type=\"heading.default\">\n\t\t\t\t<div class=\"elementor-widget-container\">\n\t\t\t\t\t<h2 class=\"elementor-heading-title elementor-size-default\">Instruc\u021biuni de \u00eentre\u021binere:<\/h2>\t\t\t\t<\/div>\n\t\t\t\t<\/div>\n\t\t<div class=\"elementor-element elementor-element-77c8f390 e-flex e-con-boxed e-con e-child\" data-id=\"77c8f390\" data-element_type=\"container\">\n\t\t\t\t\t<div class=\"e-con-inner\">\n\t\t\t\t<div class=\"elementor-element elementor-element-3bfe8025 elementor-widget__width-initial elementor-icon-list--layout-traditional elementor-list-item-link-full_width elementor-widget elementor-widget-icon-list\" data-id=\"3bfe8025\" data-element_type=\"widget\" data-widget_type=\"icon-list.default\">\n\t\t\t\t<div class=\"elementor-widget-container\">\n\t\t\t\t\t\t\t<ul class=\"elementor-icon-list-items\">\n\t\t\t\t\t\t\t<li class=\"elementor-icon-list-item\">\n\t\t\t\t\t\t\t\t\t\t\t<span class=\"elementor-icon-list-icon\">\n\t\t\t\t\t\t\t<svg aria-hidden=\"true\" class=\"e-font-icon-svg e-fas-check\" viewBox=\"0 0 512 512\" xmlns=\"http:\/\/www.w3.org\/2000\/svg\"><path d=\"M173.898 439.404l-166.4-166.4c-9.997-9.997-9.997-26.206 0-36.204l36.203-36.204c9.997-9.998 26.207-9.998 36.204 0L192 312.69 432.095 72.596c9.997-9.997 26.207-9.997 36.204 0l36.203 36.204c9.997 9.997 9.997 26.206 0 36.204l-294.4 294.401c-9.998 9.997-26.207 9.997-36.204-.001z\"><\/path><\/svg>\t\t\t\t\t\t<\/span>\n\t\t\t\t\t\t\t\t\t\t<span class=\"elementor-icon-list-text\">Sp\u0103larea m\u00e2inilor<\/span>\n\t\t\t\t\t\t\t\t\t<\/li>\n\t\t\t\t\t\t<\/ul>\n\t\t\t\t\t\t<\/div>\n\t\t\t\t<\/div>\n\t\t\t\t<div class=\"elementor-element elementor-element-dc379f9 elementor-widget__width-initial elementor-icon-list--layout-traditional elementor-list-item-link-full_width elementor-widget elementor-widget-icon-list\" data-id=\"dc379f9\" data-element_type=\"widget\" data-widget_type=\"icon-list.default\">\n\t\t\t\t<div class=\"elementor-widget-container\">\n\t\t\t\t\t\t\t<ul class=\"elementor-icon-list-items\">\n\t\t\t\t\t\t\t<li class=\"elementor-icon-list-item\">\n\t\t\t\t\t\t\t\t\t\t\t<span class=\"elementor-icon-list-icon\">\n\t\t\t\t\t\t\t<svg aria-hidden=\"true\" class=\"e-font-icon-svg e-fas-times\" viewBox=\"0 0 352 512\" xmlns=\"http:\/\/www.w3.org\/2000\/svg\"><path d=\"M242.72 256l100.07-100.07c12.28-12.28 12.28-32.19 0-44.48l-22.24-22.24c-12.28-12.28-32.19-12.28-44.48 0L176 189.28 75.93 89.21c-12.28-12.28-32.19-12.28-44.48 0L9.21 111.45c-12.28 12.28-12.28 32.19 0 44.48L109.28 256 9.21 356.07c-12.28 12.28-12.28 32.19 0 44.48l22.24 22.24c12.28 12.28 32.2 12.28 44.48 0L176 322.72l100.07 100.07c12.28 12.28 32.2 12.28 44.48 0l22.24-22.24c12.28-12.28 12.28-32.19 0-44.48L242.72 256z\"><\/path><\/svg>\t\t\t\t\t\t<\/span>\n\t\t\t\t\t\t\t\t\t\t<span class=\"elementor-icon-list-text\">Nealbit<\/span>\n\t\t\t\t\t\t\t\t\t<\/li>\n\t\t\t\t\t\t\t\t<li class=\"elementor-icon-list-item\">\n\t\t\t\t\t\t\t\t\t\t\t<span class=\"elementor-icon-list-icon\">\n\t\t\t\t\t\t\t<svg aria-hidden=\"true\" class=\"e-font-icon-svg e-fas-times\" viewBox=\"0 0 352 512\" xmlns=\"http:\/\/www.w3.org\/2000\/svg\"><path d=\"M242.72 256l100.07-100.07c12.28-12.28 12.28-32.19 0-44.48l-22.24-22.24c-12.28-12.28-32.19-12.28-44.48 0L176 189.28 75.93 89.21c-12.28-12.28-32.19-12.28-44.48 0L9.21 111.45c-12.28 12.28-12.28 32.19 0 44.48L109.28 256 9.21 356.07c-12.28 12.28-12.28 32.19 0 44.48l22.24 22.24c12.28 12.28 32.2 12.28 44.48 0L176 322.72l100.07 100.07c12.28 12.28 32.2 12.28 44.48 0l22.24-22.24c12.28-12.28 12.28-32.19 0-44.48L242.72 256z\"><\/path><\/svg>\t\t\t\t\t\t<\/span>\n\t\t\t\t\t\t\t\t\t\t<span class=\"elementor-icon-list-text\">Nu usca\u021bi chimic<\/span>\n\t\t\t\t\t\t\t\t\t<\/li>\n\t\t\t\t\t\t\t\t<li class=\"elementor-icon-list-item\">\n\t\t\t\t\t\t\t\t\t\t\t<span class=\"elementor-icon-list-icon\">\n\t\t\t\t\t\t\t<svg aria-hidden=\"true\" class=\"e-font-icon-svg e-fas-times\" viewBox=\"0 0 352 512\" xmlns=\"http:\/\/www.w3.org\/2000\/svg\"><path d=\"M242.72 256l100.07-100.07c12.28-12.28 12.28-32.19 0-44.48l-22.24-22.24c-12.28-12.28-32.19-12.28-44.48 0L176 189.28 75.93 89.21c-12.28-12.28-32.19-12.28-44.48 0L9.21 111.45c-12.28 12.28-12.28 32.19 0 44.48L109.28 256 9.21 356.07c-12.28 12.28-12.28 32.19 0 44.48l22.24 22.24c12.28 12.28 32.2 12.28 44.48 0L176 322.72l100.07 100.07c12.28 12.28 32.2 12.28 44.48 0l22.24-22.24c12.28-12.28 12.28-32.19 0-44.48L242.72 256z\"><\/path><\/svg>\t\t\t\t\t\t<\/span>\n\t\t\t\t\t\t\t\t\t\t<span class=\"elementor-icon-list-text\">Nu c\u0103lca\u021bi<\/span>\n\t\t\t\t\t\t\t\t\t<\/li>\n\t\t\t\t\t\t\t\t<li class=\"elementor-icon-list-item\">\n\t\t\t\t\t\t\t\t\t\t\t<span class=\"elementor-icon-list-icon\">\n\t\t\t\t\t\t\t<svg aria-hidden=\"true\" class=\"e-font-icon-svg e-fas-times\" viewBox=\"0 0 352 512\" xmlns=\"http:\/\/www.w3.org\/2000\/svg\"><path d=\"M242.72 256l100.07-100.07c12.28-12.28 12.28-32.19 0-44.48l-22.24-22.24c-12.28-12.28-32.19-12.28-44.48 0L176 189.28 75.93 89.21c-12.28-12.28-32.19-12.28-44.48 0L9.21 111.45c-12.28 12.28-12.28 32.19 0 44.48L109.28 256 9.21 356.07c-12.28 12.28-12.28 32.19 0 44.48l22.24 22.24c12.28 12.28 32.2 12.28 44.48 0L176 322.72l100.07 100.07c12.28 12.28 32.2 12.28 44.48 0l22.24-22.24c12.28-12.28 12.28-32.19 0-44.48L242.72 256z\"><\/path><\/svg>\t\t\t\t\t\t<\/span>\n\t\t\t\t\t\t\t\t\t\t<span class=\"elementor-icon-list-text\">Nu se usuc\u0103 cu tambur<\/span>\n\t\t\t\t\t\t\t\t\t<\/li>\n\t\t\t\t\t\t<\/ul>\n\t\t\t\t\t\t<\/div>\n\t\t\t\t<\/div>\n\t\t\t\t\t<\/div>\n\t\t\t\t<\/div>\n\t\t\t\t<div class=\"elementor-element elementor-element-1080f986 elementor-widget elementor-widget-text-editor\" data-id=\"1080f986\" data-element_type=\"widget\" data-widget_type=\"text-editor.default\">\n\t\t\t\t<div class=\"elementor-widget-container\">\n\t\t\t\t\t\t\t\t\tFrecarea unor \u021bes\u0103turi cu fermoare, Velcro, rucsacuri sau alte accesorii poate cauza pilling nedorit \u00een timpul purt\u0103rii sau sp\u0103l\u0103rii, care nu este considerat un defect al produsului.\t\t\t\t\t\t\t\t<\/div>\n\t\t\t\t<\/div>\n\t\t\t\t\t<\/div>\n\t\t\t\t<\/div>\n\t\t\t\t<\/div>\n\t\t","protected":false},"excerpt":{"rendered":"<p>Materiale de calitate \u0218apca este complet din bumbac. Potrivit ca o casc\u0103 \u00eentr-un mediu curat. \u0218apc\u0103 club SnapBack \u0218apc\u0103 neagr\u0103 100% bumbac cu logo-ul clubului Welding Academy EU. Cel mai popular produs al nostru. Fixare reglabil\u0103 Fermoarul este reglabil pentru fiecare dimensiune a capului. Se potrive\u0219te perfect pe orice cap. Design intern tivul interior este imprimat cu logo-ul Welding Academy EU \u0219i litere \u00een culorile clubului, ro\u0219u \u0219i negru. DETALII FermoareSnapback DetaliiLogo patch pe fa\u021b\u0103, vizier\u0103 dreapt\u0103 Con\u021binutul pachetuluiCapac + autocolant Compozi\u021bia produsului: 53% poliester. Fibr\u0103 sintetic\u0103 foarte puternic\u0103 \u0219i durabil\u0103. \u021aes\u0103tura din amestec de poliester va ar\u0103ta bine chiar \u0219i dup\u0103 ce o purta\u021bi toat\u0103 ziua \u0219i nu ve\u021bi fierbe \u00een ea \u00een zilele caniculare. Poliesterul este hipoalergenic \u0219i u\u0219or de sp\u0103lat, dar verifica\u021bi \u00eentotdeauna eticheta pentru a fi siguri. 47% nylon. Este cunoscut pentru \u00eentre\u021binerea sa u\u0219oar\u0103 \u0219i durabilitatea ridicat\u0103, astfel \u00eenc\u00e2t este greu de rupt. Este un material cu o absorb\u021bie minim\u0103 a umezelii, ceea ce \u00eel face ideal pentru \u00eembr\u0103c\u0103minte sport \u0219i uzur\u0103 zilnic\u0103, de exemplu. Instruc\u021biuni de \u00eentre\u021binere: Sp\u0103larea m\u00e2inilor Nealbit Nu usca\u021bi chimic Nu c\u0103lca\u021bi Nu se usuc\u0103 cu tambur Frecarea unor \u021bes\u0103turi cu fermoare, Velcro, rucsacuri sau alte accesorii poate cauza pilling nedorit \u00een timpul purt\u0103rii sau sp\u0103l\u0103rii, care nu este considerat un defect al produsului.<\/p>\n","protected":false},"featured_media":15110,"comment_status":"open","ping_status":"closed","template":"elementor_theme","meta":{"_acf_changed":false,"editor_plus_copied_stylings":"{}"},"product_brand":[],"product_cat":[524,1115],"product_tag":[],"class_list":{"0":"post-31092","1":"product","2":"type-product","3":"status-publish","4":"has-post-thumbnail","6":"product_cat-magazin","7":"product_cat-akce","8":"member-discount","9":"discount-restricted","11":"first","12":"instock","13":"taxable","14":"shipping-taxable","15":"product-type-simple"},"bundled_by":[],"bundle_stock_status":"instock","bundle_stock_quantity":101,"bundle_virtual":false,"bundle_layout":"","bundle_add_to_cart_form_location":"","bundle_editable_in_cart":false,"bundle_sold_individually_context":"","bundle_item_grouping":"","bundle_min_size":"","bundle_max_size":"","bundle_price":[],"bundled_items":[],"bundle_sell_ids":[],"acf":[],"_links":{"self":[{"href":"https:\/\/www.weldingacademyeu.com\/ro\/wp-json\/wp\/v2\/product\/31092","targetHints":{"allow":["GET"]}}],"collection":[{"href":"https:\/\/www.weldingacademyeu.com\/ro\/wp-json\/wp\/v2\/product"}],"about":[{"href":"https:\/\/www.weldingacademyeu.com\/ro\/wp-json\/wp\/v2\/types\/product"}],"replies":[{"embeddable":true,"href":"https:\/\/www.weldingacademyeu.com\/ro\/wp-json\/wp\/v2\/comments?post=31092"}],"version-history":[{"count":2,"href":"https:\/\/www.weldingacademyeu.com\/ro\/wp-json\/wp\/v2\/product\/31092\/revisions"}],"predecessor-version":[{"id":55759,"href":"https:\/\/www.weldingacademyeu.com\/ro\/wp-json\/wp\/v2\/product\/31092\/revisions\/55759"}],"wp:featuredmedia":[{"embeddable":true,"href":"https:\/\/www.weldingacademyeu.com\/ro\/wp-json\/wp\/v2\/media\/15110"}],"wp:attachment":[{"href":"https:\/\/www.weldingacademyeu.com\/ro\/wp-json\/wp\/v2\/media?parent=31092"}],"wp:term":[{"taxonomy":"product_brand","embeddable":true,"href":"https:\/\/www.weldingacademyeu.com\/ro\/wp-json\/wp\/v2\/product_brand?post=31092"},{"taxonomy":"product_cat","embeddable":true,"href":"https:\/\/www.weldingacademyeu.com\/ro\/wp-json\/wp\/v2\/product_cat?post=31092"},{"taxonomy":"product_tag","embeddable":true,"href":"https:\/\/www.weldingacademyeu.com\/ro\/wp-json\/wp\/v2\/product_tag?post=31092"}],"curies":[{"name":"wp","href":"https:\/\/api.w.org\/{rel}","templated":true}]}}