{"id":31097,"date":"2024-05-26T20:47:08","date_gmt":"2024-05-26T18:47:08","guid":{"rendered":"https:\/\/www.weldingacademyeu.com\/product\/snapback-czarny\/"},"modified":"2025-11-17T16:00:16","modified_gmt":"2025-11-17T14:00:16","slug":"snapback-czarny","status":"publish","type":"product","link":"https:\/\/www.weldingacademyeu.com\/pl\/produkt\/snapback-czarny\/","title":{"rendered":"SnapBack &#8211; czarny"},"content":{"rendered":"\t\t<div data-elementor-type=\"product-post\" data-elementor-id=\"31097\" class=\"elementor elementor-31097 elementor-5074\" data-elementor-post-type=\"product\">\n\t\t\t\t<div class=\"elementor-element elementor-element-5b0bfd0e e-flex e-con-boxed e-con e-parent\" data-id=\"5b0bfd0e\" data-element_type=\"container\">\n\t\t\t\t\t<div class=\"e-con-inner\">\n\t\t<div class=\"elementor-element elementor-element-262e0f1a e-con-full e-flex e-con e-child\" data-id=\"262e0f1a\" data-element_type=\"container\">\n\t\t\t\t<div class=\"elementor-element elementor-element-163cc16 elementor-widget elementor-widget-image\" data-id=\"163cc16\" data-element_type=\"widget\" data-widget_type=\"image.default\">\n\t\t\t\t<div class=\"elementor-widget-container\">\n\t\t\t\t\t\t\t\t\t\t\t\t\t\t\t<img fetchpriority=\"high\" decoding=\"async\" width=\"1200\" height=\"1200\" src=\"https:\/\/www.weldingacademyeu.com\/wp-content\/uploads\/2024\/05\/Foto-15.jpg\" class=\"attachment-full size-full wp-image-15034\" alt=\"\" srcset=\"https:\/\/www.weldingacademyeu.com\/wp-content\/uploads\/2024\/05\/Foto-15.jpg 1200w, https:\/\/www.weldingacademyeu.com\/wp-content\/uploads\/2024\/05\/Foto-15-800x800.jpg 800w, https:\/\/www.weldingacademyeu.com\/wp-content\/uploads\/2024\/05\/Foto-15-150x150.jpg 150w, https:\/\/www.weldingacademyeu.com\/wp-content\/uploads\/2024\/05\/Foto-15-300x300.jpg 300w, https:\/\/www.weldingacademyeu.com\/wp-content\/uploads\/2024\/05\/Foto-15-1024x1024.jpg 1024w, https:\/\/www.weldingacademyeu.com\/wp-content\/uploads\/2024\/05\/Foto-15-768x768.jpg 768w, https:\/\/www.weldingacademyeu.com\/wp-content\/uploads\/2024\/05\/Foto-15-624x624.jpg 624w, https:\/\/www.weldingacademyeu.com\/wp-content\/uploads\/2024\/05\/Foto-15-50x50.jpg 50w, https:\/\/www.weldingacademyeu.com\/wp-content\/uploads\/2024\/05\/Foto-15-100x100.jpg 100w\" sizes=\"(max-width: 1200px) 100vw, 1200px\" \/>\t\t\t\t\t\t\t\t\t\t\t\t\t\t\t<\/div>\n\t\t\t\t<\/div>\n\t\t\t\t<div class=\"elementor-element elementor-element-5c02702 elementor-widget elementor-widget-heading\" data-id=\"5c02702\" data-element_type=\"widget\" data-widget_type=\"heading.default\">\n\t\t\t\t<div class=\"elementor-widget-container\">\n\t\t\t\t\t<h2 class=\"elementor-heading-title elementor-size-default\">Materia\u0142y wysokiej jako\u015bci<\/h2>\t\t\t\t<\/div>\n\t\t\t\t<\/div>\n\t\t\t\t<div class=\"elementor-element elementor-element-7262893c elementor-widget elementor-widget-text-editor\" data-id=\"7262893c\" data-element_type=\"widget\" data-widget_type=\"text-editor.default\">\n\t\t\t\t<div class=\"elementor-widget-container\">\n\t\t\t\t\t\t\t\t\t<p>Czapka jest ca\u0142kowicie bawe\u0142niana. Nadaje si\u0119 jako nakrycie g\u0142owy w czystym \u015brodowisku.<\/p>\n\t\t\t\t\t\t\t\t<\/div>\n\t\t\t\t<\/div>\n\t\t\t\t<\/div>\n\t\t<div class=\"elementor-element elementor-element-4b3e3d46 e-con-full e-flex e-con e-child\" data-id=\"4b3e3d46\" data-element_type=\"container\">\n\t\t\t\t<div class=\"elementor-element elementor-element-709da9dc elementor-widget elementor-widget-image\" data-id=\"709da9dc\" data-element_type=\"widget\" data-widget_type=\"image.default\">\n\t\t\t\t<div class=\"elementor-widget-container\">\n\t\t\t\t\t\t\t\t\t\t\t\t\t\t\t<img decoding=\"async\" width=\"1200\" height=\"1200\" src=\"https:\/\/www.weldingacademyeu.com\/wp-content\/uploads\/2024\/05\/Foto-14.jpg\" class=\"attachment-full size-full wp-image-15029\" alt=\"\" srcset=\"https:\/\/www.weldingacademyeu.com\/wp-content\/uploads\/2024\/05\/Foto-14.jpg 1200w, https:\/\/www.weldingacademyeu.com\/wp-content\/uploads\/2024\/05\/Foto-14-800x800.jpg 800w, https:\/\/www.weldingacademyeu.com\/wp-content\/uploads\/2024\/05\/Foto-14-150x150.jpg 150w, https:\/\/www.weldingacademyeu.com\/wp-content\/uploads\/2024\/05\/Foto-14-300x300.jpg 300w, https:\/\/www.weldingacademyeu.com\/wp-content\/uploads\/2024\/05\/Foto-14-1024x1024.jpg 1024w, https:\/\/www.weldingacademyeu.com\/wp-content\/uploads\/2024\/05\/Foto-14-768x768.jpg 768w, https:\/\/www.weldingacademyeu.com\/wp-content\/uploads\/2024\/05\/Foto-14-624x624.jpg 624w, https:\/\/www.weldingacademyeu.com\/wp-content\/uploads\/2024\/05\/Foto-14-50x50.jpg 50w, https:\/\/www.weldingacademyeu.com\/wp-content\/uploads\/2024\/05\/Foto-14-100x100.jpg 100w\" sizes=\"(max-width: 1200px) 100vw, 1200px\" \/>\t\t\t\t\t\t\t\t\t\t\t\t\t\t\t<\/div>\n\t\t\t\t<\/div>\n\t\t\t\t<div class=\"elementor-element elementor-element-5b472afd elementor-widget elementor-widget-heading\" data-id=\"5b472afd\" data-element_type=\"widget\" data-widget_type=\"heading.default\">\n\t\t\t\t<div class=\"elementor-widget-container\">\n\t\t\t\t\t<h2 class=\"elementor-heading-title elementor-size-default\">Czapka klubowa SnapBack<\/h2>\t\t\t\t<\/div>\n\t\t\t\t<\/div>\n\t\t\t\t<div class=\"elementor-element elementor-element-466b37a1 elementor-widget elementor-widget-text-editor\" data-id=\"466b37a1\" data-element_type=\"widget\" data-widget_type=\"text-editor.default\">\n\t\t\t\t<div class=\"elementor-widget-container\">\n\t\t\t\t\t\t\t\t\t<p>Czarna czapka wykonana w 100% z bawe\u0142ny z logo klubu Welding Academy EU. Nasz najpopularniejszy produkt.<\/p>\n\t\t\t\t\t\t\t\t<\/div>\n\t\t\t\t<\/div>\n\t\t\t\t<\/div>\n\t\t\t\t\t<\/div>\n\t\t\t\t<\/div>\n\t\t<div class=\"elementor-element elementor-element-43af4064 e-flex e-con-boxed e-con e-parent\" data-id=\"43af4064\" data-element_type=\"container\">\n\t\t\t\t\t<div class=\"e-con-inner\">\n\t\t<div class=\"elementor-element elementor-element-9a34a3f e-con-full e-flex e-con e-child\" data-id=\"9a34a3f\" data-element_type=\"container\">\n\t\t\t\t<div class=\"elementor-element elementor-element-4248994c elementor-widget elementor-widget-image\" data-id=\"4248994c\" data-element_type=\"widget\" data-widget_type=\"image.default\">\n\t\t\t\t<div class=\"elementor-widget-container\">\n\t\t\t\t\t\t\t\t\t\t\t\t\t\t\t<img decoding=\"async\" width=\"1200\" height=\"1200\" src=\"https:\/\/www.weldingacademyeu.com\/wp-content\/uploads\/2024\/05\/Foto-17.jpg\" class=\"attachment-full size-full wp-image-15044\" alt=\"\" srcset=\"https:\/\/www.weldingacademyeu.com\/wp-content\/uploads\/2024\/05\/Foto-17.jpg 1200w, https:\/\/www.weldingacademyeu.com\/wp-content\/uploads\/2024\/05\/Foto-17-800x800.jpg 800w, https:\/\/www.weldingacademyeu.com\/wp-content\/uploads\/2024\/05\/Foto-17-150x150.jpg 150w, https:\/\/www.weldingacademyeu.com\/wp-content\/uploads\/2024\/05\/Foto-17-300x300.jpg 300w, https:\/\/www.weldingacademyeu.com\/wp-content\/uploads\/2024\/05\/Foto-17-1024x1024.jpg 1024w, https:\/\/www.weldingacademyeu.com\/wp-content\/uploads\/2024\/05\/Foto-17-768x768.jpg 768w, https:\/\/www.weldingacademyeu.com\/wp-content\/uploads\/2024\/05\/Foto-17-624x624.jpg 624w, https:\/\/www.weldingacademyeu.com\/wp-content\/uploads\/2024\/05\/Foto-17-50x50.jpg 50w, https:\/\/www.weldingacademyeu.com\/wp-content\/uploads\/2024\/05\/Foto-17-100x100.jpg 100w\" sizes=\"(max-width: 1200px) 100vw, 1200px\" \/>\t\t\t\t\t\t\t\t\t\t\t\t\t\t\t<\/div>\n\t\t\t\t<\/div>\n\t\t\t\t<div class=\"elementor-element elementor-element-49703bab elementor-widget elementor-widget-heading\" data-id=\"49703bab\" data-element_type=\"widget\" data-widget_type=\"heading.default\">\n\t\t\t\t<div class=\"elementor-widget-container\">\n\t\t\t\t\t<h2 class=\"elementor-heading-title elementor-size-default\">Regulowane zapi\u0119cie<\/h2>\t\t\t\t<\/div>\n\t\t\t\t<\/div>\n\t\t\t\t<div class=\"elementor-element elementor-element-e055610 elementor-widget elementor-widget-text-editor\" data-id=\"e055610\" data-element_type=\"widget\" data-widget_type=\"text-editor.default\">\n\t\t\t\t<div class=\"elementor-widget-container\">\n\t\t\t\t\t\t\t\t\t<p>Zapi\u0119cie jest regulowane dla ka\u017cdego rozmiaru g\u0142owy. \u015awietnie pasuje na ka\u017cd\u0105 g\u0142ow\u0119.<\/p>\n\t\t\t\t\t\t\t\t<\/div>\n\t\t\t\t<\/div>\n\t\t\t\t<\/div>\n\t\t<div class=\"elementor-element elementor-element-f1f12a1 e-con-full e-flex e-con e-child\" data-id=\"f1f12a1\" data-element_type=\"container\">\n\t\t\t\t<div class=\"elementor-element elementor-element-361011b9 elementor-widget elementor-widget-image\" data-id=\"361011b9\" data-element_type=\"widget\" data-widget_type=\"image.default\">\n\t\t\t\t<div class=\"elementor-widget-container\">\n\t\t\t\t\t\t\t\t\t\t\t\t\t\t\t<img loading=\"lazy\" decoding=\"async\" width=\"1200\" height=\"1200\" src=\"https:\/\/www.weldingacademyeu.com\/wp-content\/uploads\/2024\/05\/Foto-20.jpg\" class=\"attachment-full size-full wp-image-15059\" alt=\"\" srcset=\"https:\/\/www.weldingacademyeu.com\/wp-content\/uploads\/2024\/05\/Foto-20.jpg 1200w, https:\/\/www.weldingacademyeu.com\/wp-content\/uploads\/2024\/05\/Foto-20-800x800.jpg 800w, https:\/\/www.weldingacademyeu.com\/wp-content\/uploads\/2024\/05\/Foto-20-150x150.jpg 150w, https:\/\/www.weldingacademyeu.com\/wp-content\/uploads\/2024\/05\/Foto-20-300x300.jpg 300w, https:\/\/www.weldingacademyeu.com\/wp-content\/uploads\/2024\/05\/Foto-20-1024x1024.jpg 1024w, https:\/\/www.weldingacademyeu.com\/wp-content\/uploads\/2024\/05\/Foto-20-768x768.jpg 768w, https:\/\/www.weldingacademyeu.com\/wp-content\/uploads\/2024\/05\/Foto-20-624x624.jpg 624w, https:\/\/www.weldingacademyeu.com\/wp-content\/uploads\/2024\/05\/Foto-20-50x50.jpg 50w, https:\/\/www.weldingacademyeu.com\/wp-content\/uploads\/2024\/05\/Foto-20-100x100.jpg 100w\" sizes=\"(max-width: 1200px) 100vw, 1200px\" \/>\t\t\t\t\t\t\t\t\t\t\t\t\t\t\t<\/div>\n\t\t\t\t<\/div>\n\t\t\t\t<div class=\"elementor-element elementor-element-232ebcc0 elementor-widget elementor-widget-heading\" data-id=\"232ebcc0\" data-element_type=\"widget\" data-widget_type=\"heading.default\">\n\t\t\t\t<div class=\"elementor-widget-container\">\n\t\t\t\t\t<h2 class=\"elementor-heading-title elementor-size-default\">Konstrukcja wewn\u0119trzna  <\/h2>\t\t\t\t<\/div>\n\t\t\t\t<\/div>\n\t\t\t\t<div class=\"elementor-element elementor-element-7a5ae8e3 elementor-widget elementor-widget-text-editor\" data-id=\"7a5ae8e3\" data-element_type=\"widget\" data-widget_type=\"text-editor.default\">\n\t\t\t\t<div class=\"elementor-widget-container\">\n\t\t\t\t\t\t\t\t\t<p>Na wewn\u0119trznym obszyciu nadrukowano logo Welding Academy EU i napis w klubowych kolorach czerwonym i czarnym.<\/p>\n\t\t\t\t\t\t\t\t<\/div>\n\t\t\t\t<\/div>\n\t\t\t\t<\/div>\n\t\t\t\t\t<\/div>\n\t\t\t\t<\/div>\n\t\t<div class=\"elementor-element elementor-element-a68db58 e-flex e-con-boxed e-con e-parent\" data-id=\"a68db58\" data-element_type=\"container\">\n\t\t\t\t\t<div class=\"e-con-inner\">\n\t\t\t\t<div class=\"elementor-element elementor-element-6fd23da elementor-widget elementor-widget-heading\" data-id=\"6fd23da\" data-element_type=\"widget\" data-settings=\"{&quot;motion_fx_motion_fx_scrolling&quot;:&quot;yes&quot;,&quot;motion_fx_translateX_effect&quot;:&quot;yes&quot;,&quot;motion_fx_translateX_direction&quot;:&quot;negative&quot;,&quot;motion_fx_translateX_speed&quot;:{&quot;unit&quot;:&quot;px&quot;,&quot;size&quot;:6.3,&quot;sizes&quot;:[]},&quot;motion_fx_devices&quot;:[&quot;desktop&quot;],&quot;motion_fx_translateX_affectedRange&quot;:{&quot;unit&quot;:&quot;%&quot;,&quot;size&quot;:&quot;&quot;,&quot;sizes&quot;:{&quot;start&quot;:0,&quot;end&quot;:100}}}\" data-widget_type=\"heading.default\">\n\t\t\t\t<div class=\"elementor-widget-container\">\n\t\t\t\t\t<h2 class=\"elementor-heading-title elementor-size-default\">SZCZEG\u00d3\u0141Y<\/h2>\t\t\t\t<\/div>\n\t\t\t\t<\/div>\n\t\t\t\t\t<\/div>\n\t\t\t\t<\/div>\n\t\t<div class=\"elementor-element elementor-element-256c4e0b e-flex e-con-boxed e-con e-parent\" data-id=\"256c4e0b\" data-element_type=\"container\">\n\t\t\t\t\t<div class=\"e-con-inner\">\n\t\t\t\t<div class=\"elementor-element elementor-element-9a3ebe9 elementor-widget elementor-widget-html\" data-id=\"9a3ebe9\" data-element_type=\"widget\" data-widget_type=\"html.default\">\n\t\t\t\t<div class=\"elementor-widget-container\">\n\t\t\t\t\t<table class=\"custom-table\">\n    <tbody>\n        <tr class=\"grey-background\">\n            <td>Zapi\u0119cia <\/td><td>Snapback<\/td>\n        <\/tr>\n        <tr>\n            <td>Szczeg\u00f3\u0142y<\/td><td>Naszywka z logo z przodu, prosty daszek<\/td>\n        <\/tr>\n        <tr class=\"grey-background\">\n            <td>Zawarto\u015b\u0107 opakowania <\/td><td>Nakr\u0119tka + naklejka<\/td>\n        <\/tr>\n       \n    <\/tbody>\n<\/table>\t\t\t\t<\/div>\n\t\t\t\t<\/div>\n\t\t\t\t\t<\/div>\n\t\t\t\t<\/div>\n\t\t<div class=\"elementor-element elementor-element-35ca5bc9 e-flex e-con-boxed e-con e-parent\" data-id=\"35ca5bc9\" data-element_type=\"container\">\n\t\t\t\t\t<div class=\"e-con-inner\">\n\t\t\t\t<div class=\"elementor-element elementor-element-4601e0fe elementor-widget elementor-widget-heading\" data-id=\"4601e0fe\" data-element_type=\"widget\" data-widget_type=\"heading.default\">\n\t\t\t\t<div class=\"elementor-widget-container\">\n\t\t\t\t\t<h2 class=\"elementor-heading-title elementor-size-default\">Sk\u0142ad produktu:  <\/h2>\t\t\t\t<\/div>\n\t\t\t\t<\/div>\n\t\t\t\t<div class=\"elementor-element elementor-element-1c3d1711 elementor-widget elementor-widget-text-editor\" data-id=\"1c3d1711\" data-element_type=\"widget\" data-widget_type=\"text-editor.default\">\n\t\t\t\t<div class=\"elementor-widget-container\">\n\t\t\t\t\t\t\t\t\t<p><strong>53% poliester.<\/strong>  Bardzo mocne i wytrzyma\u0142e w\u0142\u00f3kno syntetyczne. Tkanina z mieszanki poliestru b\u0119dzie wygl\u0105da\u0107 dobrze nawet po ca\u0142ym dniu noszenia i nie zagotuje si\u0119 w upalne dni. Poliester jest hipoalergiczny i \u0142atwy w praniu, ale dla pewno\u015bci zawsze sprawd\u017a etykiet\u0119.<\/p>\n<p><strong>47% nylon.  <\/strong>Jest on znany z \u0142atwej konserwacji i wysokiej trwa\u0142o\u015bci, dzi\u0119ki czemu trudno go rozerwa\u0107. Jest to materia\u0142 o minimalnej absorpcji wilgoci, dzi\u0119ki czemu idealnie nadaje si\u0119 na przyk\u0142ad do odzie\u017cy sportowej i codziennej.<\/p>\n\t\t\t\t\t\t\t\t<\/div>\n\t\t\t\t<\/div>\n\t\t\t\t\t<\/div>\n\t\t\t\t<\/div>\n\t\t<div class=\"elementor-element elementor-element-6156161a e-flex e-con-boxed e-con e-parent\" data-id=\"6156161a\" data-element_type=\"container\">\n\t\t\t\t\t<div class=\"e-con-inner\">\n\t\t\t\t<div class=\"elementor-element elementor-element-796e2833 elementor-widget elementor-widget-heading\" data-id=\"796e2833\" data-element_type=\"widget\" data-widget_type=\"heading.default\">\n\t\t\t\t<div class=\"elementor-widget-container\">\n\t\t\t\t\t<h2 class=\"elementor-heading-title elementor-size-default\">Instrukcje dotycz\u0105ce konserwacji:<\/h2>\t\t\t\t<\/div>\n\t\t\t\t<\/div>\n\t\t<div class=\"elementor-element elementor-element-77c8f390 e-flex e-con-boxed e-con e-child\" data-id=\"77c8f390\" data-element_type=\"container\">\n\t\t\t\t\t<div class=\"e-con-inner\">\n\t\t\t\t<div class=\"elementor-element elementor-element-3bfe8025 elementor-widget__width-initial elementor-icon-list--layout-traditional elementor-list-item-link-full_width elementor-widget elementor-widget-icon-list\" data-id=\"3bfe8025\" data-element_type=\"widget\" data-widget_type=\"icon-list.default\">\n\t\t\t\t<div class=\"elementor-widget-container\">\n\t\t\t\t\t\t\t<ul class=\"elementor-icon-list-items\">\n\t\t\t\t\t\t\t<li class=\"elementor-icon-list-item\">\n\t\t\t\t\t\t\t\t\t\t\t<span class=\"elementor-icon-list-icon\">\n\t\t\t\t\t\t\t<svg aria-hidden=\"true\" class=\"e-font-icon-svg e-fas-check\" viewBox=\"0 0 512 512\" xmlns=\"http:\/\/www.w3.org\/2000\/svg\"><path d=\"M173.898 439.404l-166.4-166.4c-9.997-9.997-9.997-26.206 0-36.204l36.203-36.204c9.997-9.998 26.207-9.998 36.204 0L192 312.69 432.095 72.596c9.997-9.997 26.207-9.997 36.204 0l36.203 36.204c9.997 9.997 9.997 26.206 0 36.204l-294.4 294.401c-9.998 9.997-26.207 9.997-36.204-.001z\"><\/path><\/svg>\t\t\t\t\t\t<\/span>\n\t\t\t\t\t\t\t\t\t\t<span class=\"elementor-icon-list-text\">Mycie r\u0105k<\/span>\n\t\t\t\t\t\t\t\t\t<\/li>\n\t\t\t\t\t\t<\/ul>\n\t\t\t\t\t\t<\/div>\n\t\t\t\t<\/div>\n\t\t\t\t<div class=\"elementor-element elementor-element-dc379f9 elementor-widget__width-initial elementor-icon-list--layout-traditional elementor-list-item-link-full_width elementor-widget elementor-widget-icon-list\" data-id=\"dc379f9\" data-element_type=\"widget\" data-widget_type=\"icon-list.default\">\n\t\t\t\t<div class=\"elementor-widget-container\">\n\t\t\t\t\t\t\t<ul class=\"elementor-icon-list-items\">\n\t\t\t\t\t\t\t<li class=\"elementor-icon-list-item\">\n\t\t\t\t\t\t\t\t\t\t\t<span class=\"elementor-icon-list-icon\">\n\t\t\t\t\t\t\t<svg aria-hidden=\"true\" class=\"e-font-icon-svg e-fas-times\" viewBox=\"0 0 352 512\" xmlns=\"http:\/\/www.w3.org\/2000\/svg\"><path d=\"M242.72 256l100.07-100.07c12.28-12.28 12.28-32.19 0-44.48l-22.24-22.24c-12.28-12.28-32.19-12.28-44.48 0L176 189.28 75.93 89.21c-12.28-12.28-32.19-12.28-44.48 0L9.21 111.45c-12.28 12.28-12.28 32.19 0 44.48L109.28 256 9.21 356.07c-12.28 12.28-12.28 32.19 0 44.48l22.24 22.24c12.28 12.28 32.2 12.28 44.48 0L176 322.72l100.07 100.07c12.28 12.28 32.2 12.28 44.48 0l22.24-22.24c12.28-12.28 12.28-32.19 0-44.48L242.72 256z\"><\/path><\/svg>\t\t\t\t\t\t<\/span>\n\t\t\t\t\t\t\t\t\t\t<span class=\"elementor-icon-list-text\">Niebielony<\/span>\n\t\t\t\t\t\t\t\t\t<\/li>\n\t\t\t\t\t\t\t\t<li class=\"elementor-icon-list-item\">\n\t\t\t\t\t\t\t\t\t\t\t<span class=\"elementor-icon-list-icon\">\n\t\t\t\t\t\t\t<svg aria-hidden=\"true\" class=\"e-font-icon-svg e-fas-times\" viewBox=\"0 0 352 512\" xmlns=\"http:\/\/www.w3.org\/2000\/svg\"><path d=\"M242.72 256l100.07-100.07c12.28-12.28 12.28-32.19 0-44.48l-22.24-22.24c-12.28-12.28-32.19-12.28-44.48 0L176 189.28 75.93 89.21c-12.28-12.28-32.19-12.28-44.48 0L9.21 111.45c-12.28 12.28-12.28 32.19 0 44.48L109.28 256 9.21 356.07c-12.28 12.28-12.28 32.19 0 44.48l22.24 22.24c12.28 12.28 32.2 12.28 44.48 0L176 322.72l100.07 100.07c12.28 12.28 32.2 12.28 44.48 0l22.24-22.24c12.28-12.28 12.28-32.19 0-44.48L242.72 256z\"><\/path><\/svg>\t\t\t\t\t\t<\/span>\n\t\t\t\t\t\t\t\t\t\t<span class=\"elementor-icon-list-text\">Nie susz chemicznie<\/span>\n\t\t\t\t\t\t\t\t\t<\/li>\n\t\t\t\t\t\t\t\t<li class=\"elementor-icon-list-item\">\n\t\t\t\t\t\t\t\t\t\t\t<span class=\"elementor-icon-list-icon\">\n\t\t\t\t\t\t\t<svg aria-hidden=\"true\" class=\"e-font-icon-svg e-fas-times\" viewBox=\"0 0 352 512\" xmlns=\"http:\/\/www.w3.org\/2000\/svg\"><path d=\"M242.72 256l100.07-100.07c12.28-12.28 12.28-32.19 0-44.48l-22.24-22.24c-12.28-12.28-32.19-12.28-44.48 0L176 189.28 75.93 89.21c-12.28-12.28-32.19-12.28-44.48 0L9.21 111.45c-12.28 12.28-12.28 32.19 0 44.48L109.28 256 9.21 356.07c-12.28 12.28-12.28 32.19 0 44.48l22.24 22.24c12.28 12.28 32.2 12.28 44.48 0L176 322.72l100.07 100.07c12.28 12.28 32.2 12.28 44.48 0l22.24-22.24c12.28-12.28 12.28-32.19 0-44.48L242.72 256z\"><\/path><\/svg>\t\t\t\t\t\t<\/span>\n\t\t\t\t\t\t\t\t\t\t<span class=\"elementor-icon-list-text\">Nie prasuj<\/span>\n\t\t\t\t\t\t\t\t\t<\/li>\n\t\t\t\t\t\t\t\t<li class=\"elementor-icon-list-item\">\n\t\t\t\t\t\t\t\t\t\t\t<span class=\"elementor-icon-list-icon\">\n\t\t\t\t\t\t\t<svg aria-hidden=\"true\" class=\"e-font-icon-svg e-fas-times\" viewBox=\"0 0 352 512\" xmlns=\"http:\/\/www.w3.org\/2000\/svg\"><path d=\"M242.72 256l100.07-100.07c12.28-12.28 12.28-32.19 0-44.48l-22.24-22.24c-12.28-12.28-32.19-12.28-44.48 0L176 189.28 75.93 89.21c-12.28-12.28-32.19-12.28-44.48 0L9.21 111.45c-12.28 12.28-12.28 32.19 0 44.48L109.28 256 9.21 356.07c-12.28 12.28-12.28 32.19 0 44.48l22.24 22.24c12.28 12.28 32.2 12.28 44.48 0L176 322.72l100.07 100.07c12.28 12.28 32.2 12.28 44.48 0l22.24-22.24c12.28-12.28 12.28-32.19 0-44.48L242.72 256z\"><\/path><\/svg>\t\t\t\t\t\t<\/span>\n\t\t\t\t\t\t\t\t\t\t<span class=\"elementor-icon-list-text\">Nie suszy\u0107 w suszarce b\u0119bnowej<\/span>\n\t\t\t\t\t\t\t\t\t<\/li>\n\t\t\t\t\t\t<\/ul>\n\t\t\t\t\t\t<\/div>\n\t\t\t\t<\/div>\n\t\t\t\t\t<\/div>\n\t\t\t\t<\/div>\n\t\t\t\t<div class=\"elementor-element elementor-element-1080f986 elementor-widget elementor-widget-text-editor\" data-id=\"1080f986\" data-element_type=\"widget\" data-widget_type=\"text-editor.default\">\n\t\t\t\t<div class=\"elementor-widget-container\">\n\t\t\t\t\t\t\t\t\t<p>Tarcie niekt\u00f3rych tkanin o zamki b\u0142yskawiczne, rzepy, plecaki lub inne akcesoria mo\u017ce powodowa\u0107 niepo\u017c\u0105dane mechacenie si\u0119 podczas noszenia lub prania, co nie jest uwa\u017cane za wad\u0119 produktu.<\/p>\n\t\t\t\t\t\t\t\t<\/div>\n\t\t\t\t<\/div>\n\t\t\t\t\t<\/div>\n\t\t\t\t<\/div>\n\t\t\t\t<\/div>\n\t\t","protected":false},"excerpt":{"rendered":"<p>Materia\u0142y wysokiej jako\u015bci Czapka jest ca\u0142kowicie bawe\u0142niana. Nadaje si\u0119 jako nakrycie g\u0142owy w czystym \u015brodowisku. Czapka klubowa SnapBack Czarna czapka wykonana w 100% z bawe\u0142ny z logo klubu Welding Academy EU. Nasz najpopularniejszy produkt. Regulowane zapi\u0119cie Zapi\u0119cie jest regulowane dla ka\u017cdego rozmiaru g\u0142owy. \u015awietnie pasuje na ka\u017cd\u0105 g\u0142ow\u0119. Konstrukcja wewn\u0119trzna Na wewn\u0119trznym obszyciu nadrukowano logo Welding Academy EU i napis w klubowych kolorach czerwonym i czarnym. SZCZEG\u00d3\u0141Y Zapi\u0119cia Snapback Szczeg\u00f3\u0142yNaszywka z logo z przodu, prosty daszek Zawarto\u015b\u0107 opakowania Nakr\u0119tka + naklejka Sk\u0142ad produktu: 53% poliester. Bardzo mocne i wytrzyma\u0142e w\u0142\u00f3kno syntetyczne. Tkanina z mieszanki poliestru b\u0119dzie wygl\u0105da\u0107 dobrze nawet po ca\u0142ym dniu noszenia i nie zagotuje si\u0119 w upalne dni. Poliester jest hipoalergiczny i \u0142atwy w praniu, ale dla pewno\u015bci zawsze sprawd\u017a etykiet\u0119. 47% nylon. Jest on znany z \u0142atwej konserwacji i wysokiej trwa\u0142o\u015bci, dzi\u0119ki czemu trudno go rozerwa\u0107. Jest to materia\u0142 o minimalnej absorpcji wilgoci, dzi\u0119ki czemu idealnie nadaje si\u0119 na przyk\u0142ad do odzie\u017cy sportowej i codziennej. Instrukcje dotycz\u0105ce konserwacji: Mycie r\u0105k Niebielony Nie susz chemicznie Nie prasuj Nie suszy\u0107 w suszarce b\u0119bnowej Tarcie niekt\u00f3rych tkanin o zamki b\u0142yskawiczne, rzepy, plecaki lub inne akcesoria mo\u017ce powodowa\u0107 niepo\u017c\u0105dane mechacenie si\u0119 podczas noszenia lub prania, co nie jest uwa\u017cane za wad\u0119 produktu.<\/p>\n","protected":false},"featured_media":15109,"comment_status":"open","ping_status":"closed","template":"elementor_theme","meta":{"_acf_changed":false,"editor_plus_copied_stylings":"{}"},"product_brand":[],"product_cat":[515,1114],"product_tag":[],"class_list":{"0":"post-31097","1":"product","2":"type-product","3":"status-publish","4":"has-post-thumbnail","6":"product_cat-sklep","7":"product_cat-akce","8":"member-discount","9":"discount-restricted","11":"first","12":"instock","13":"taxable","14":"shipping-taxable","15":"product-type-simple"},"bundled_by":[],"bundle_stock_status":"instock","bundle_stock_quantity":101,"bundle_virtual":false,"bundle_layout":"","bundle_add_to_cart_form_location":"","bundle_editable_in_cart":false,"bundle_sold_individually_context":"","bundle_item_grouping":"","bundle_min_size":"","bundle_max_size":"","bundle_price":[],"bundled_items":[],"bundle_sell_ids":[],"acf":[],"_links":{"self":[{"href":"https:\/\/www.weldingacademyeu.com\/pl\/wp-json\/wp\/v2\/product\/31097","targetHints":{"allow":["GET"]}}],"collection":[{"href":"https:\/\/www.weldingacademyeu.com\/pl\/wp-json\/wp\/v2\/product"}],"about":[{"href":"https:\/\/www.weldingacademyeu.com\/pl\/wp-json\/wp\/v2\/types\/product"}],"replies":[{"embeddable":true,"href":"https:\/\/www.weldingacademyeu.com\/pl\/wp-json\/wp\/v2\/comments?post=31097"}],"version-history":[{"count":4,"href":"https:\/\/www.weldingacademyeu.com\/pl\/wp-json\/wp\/v2\/product\/31097\/revisions"}],"predecessor-version":[{"id":45322,"href":"https:\/\/www.weldingacademyeu.com\/pl\/wp-json\/wp\/v2\/product\/31097\/revisions\/45322"}],"wp:featuredmedia":[{"embeddable":true,"href":"https:\/\/www.weldingacademyeu.com\/pl\/wp-json\/wp\/v2\/media\/15109"}],"wp:attachment":[{"href":"https:\/\/www.weldingacademyeu.com\/pl\/wp-json\/wp\/v2\/media?parent=31097"}],"wp:term":[{"taxonomy":"product_brand","embeddable":true,"href":"https:\/\/www.weldingacademyeu.com\/pl\/wp-json\/wp\/v2\/product_brand?post=31097"},{"taxonomy":"product_cat","embeddable":true,"href":"https:\/\/www.weldingacademyeu.com\/pl\/wp-json\/wp\/v2\/product_cat?post=31097"},{"taxonomy":"product_tag","embeddable":true,"href":"https:\/\/www.weldingacademyeu.com\/pl\/wp-json\/wp\/v2\/product_tag?post=31097"}],"curies":[{"name":"wp","href":"https:\/\/api.w.org\/{rel}","templated":true}]}}