{"id":31266,"date":"2024-06-23T21:34:41","date_gmt":"2024-06-23T19:34:41","guid":{"rendered":"https:\/\/www.weldingacademyeu.com\/rodo\/"},"modified":"2024-07-31T12:24:18","modified_gmt":"2024-07-31T10:24:18","slug":"rodo","status":"publish","type":"page","link":"https:\/\/www.weldingacademyeu.com\/pl\/rodo\/","title":{"rendered":"GDPR"},"content":{"rendered":"\t\t<div data-elementor-type=\"wp-page\" data-elementor-id=\"31266\" class=\"elementor elementor-31266 elementor-10125\" data-elementor-post-type=\"page\">\n\t\t\t\t<div class=\"elementor-element elementor-element-cf65e56 e-flex e-con-boxed e-con e-parent\" data-id=\"cf65e56\" data-element_type=\"container\">\n\t\t\t\t\t<div class=\"e-con-inner\">\n\t\t\t\t<div class=\"elementor-element elementor-element-d49285d elementor-widget elementor-widget-heading\" data-id=\"d49285d\" data-element_type=\"widget\" data-widget_type=\"heading.default\">\n\t\t\t\t<div class=\"elementor-widget-container\">\n\t\t\t\t\t<h2 class=\"elementor-heading-title elementor-size-default\">GDPR<\/h2>\t\t\t\t<\/div>\n\t\t\t\t<\/div>\n\t\t\t\t\t<\/div>\n\t\t\t\t<\/div>\n\t\t<div class=\"elementor-element elementor-element-09bc9bd e-flex e-con-boxed e-con e-parent\" data-id=\"09bc9bd\" data-element_type=\"container\">\n\t\t\t\t\t<div class=\"e-con-inner\">\n\t\t\t\t<div class=\"elementor-element elementor-element-2a0a720 elementor-widget elementor-widget-text-editor\" data-id=\"2a0a720\" data-element_type=\"widget\" data-widget_type=\"text-editor.default\">\n\t\t\t\t<div class=\"elementor-widget-container\">\n\t\t\t\t\t\t\t\t\t<div data-id=\"c65d7fb\" data-element_type=\"widget\" data-widget_type=\"heading.default\">\n<p>Dilibees s.r.o. jest operatorem sklepu internetowego www.weldingacademyeu.com. Dilibees s.r.o. jest organizacj\u0105 handlow\u0105. Oznacza to, \u017ce wszystkie zebrane dane s\u0105 wykorzystywane do wspierania dzia\u0142alno\u015bci i us\u0142ug firmy Dilibees Ltd..  <\/p>\n<p>Zgodnie z GDPR gromadzone s\u0105 dane dotycz\u0105ce os\u00f3b fizycznych, kt\u00f3re s\u0105 uwa\u017cane za chronione przez GDPR.<\/p>\n<p><b>Gromadzone dane osobowe<\/b><\/p>\n<ul>\n<li>Imi\u0119 i nazwisko<\/li>\n<li>Telefon<\/li>\n<li>Przez e-mail<\/li>\n<li>Adres<\/li>\n<li>Historia zwi\u0105zana z wizytami na miejscu<\/li>\n<li>www.weldingacademyeu.com<\/li>\n<li>Adres IP<\/li>\n<\/ul>\n<p><b>Cel gromadzenia, przetwarzania i profilowania danych<\/b><\/p>\n<p>Dilibees s.r.o. gromadzi dane osobowe w nast\u0119puj\u0105cych celach:<\/p>\n<ul>\n<li>Dostarczanie produkt\u00f3w i us\u0142ug klientom.<\/li>\n<li>Informowanie klient\u00f3w i potencjalnych klient\u00f3w o nowych produktach oraz innych informacjach i komunikatach marketingowych.<\/li>\n<\/ul>\n<p><b>Gromadzenie danych:<\/b><\/p>\n<p>Wszystkie informacje gromadzone na temat os\u00f3b fizycznych s\u0105 gromadzone za po\u015brednictwem formularza zam\u00f3wienia lub formularza kontaktowego. Dilibees Ltd. nie wykorzystuje danych o osobach pochodz\u0105cych ze \u017ar\u00f3de\u0142 zewn\u0119trznych. <\/p>\n<p><b>\u0141\u0105czenie i profilowanie danych:<\/b><\/p>\n<p>Green Earth nie udost\u0119pnia \u017cadnych danych osobowych stronom trzecim, z wyj\u0105tkiem zakontraktowanych firm spedycyjnych w celu dostarczenia produkt\u00f3w. Wszystkie zebrane dane s\u0105 wykorzystywane wy\u0142\u0105cznie jako informacje kontaktowe wewn\u0105trz organizacji. <br \/>Dilibees Ltd. wykorzystuje dane do cel\u00f3w marketingowych i biznesowych. Dilibees Ltd. \u0142\u0105czy wszystkie dane we w\u0142asnym systemie informacyjnym (Easy Project) i systemie sklepu internetowego. Ka\u017cdy inny system wykorzystuje tylko fragmenty danych i dlatego nie jest uwa\u017cany za dane w RODO.   <\/p>\n<p><b>Prawo do usuni\u0119cia danych osobowych<\/b><\/p>\n<p>Ka\u017cdy ma prawo do usuni\u0119cia danych osobowych. Wystarczy wys\u0142a\u0107 wiadomo\u015b\u0107 e-mail na adres info@weldingacademyeu.com z tematem usuni\u0119cie danych osobowych. W tre\u015bci wiadomo\u015bci nale\u017cy poda\u0107 swoje imi\u0119 i nazwisko.  <\/p>\n<\/div>\n\t\t\t\t\t\t\t\t<\/div>\n\t\t\t\t<\/div>\n\t\t\t\t\t<\/div>\n\t\t\t\t<\/div>\n\t\t\t\t<\/div>\n\t\t","protected":false},"excerpt":{"rendered":"<p>GDPR Dilibees s.r.o. jest operatorem sklepu internetowego www.weldingacademyeu.com. Dilibees s.r.o. jest organizacj\u0105 handlow\u0105. Oznacza to, \u017ce wszystkie zebrane dane s\u0105 wykorzystywane do wspierania dzia\u0142alno\u015bci i us\u0142ug firmy Dilibees Ltd.. Zgodnie z GDPR gromadzone s\u0105 dane dotycz\u0105ce os\u00f3b fizycznych, kt\u00f3re s\u0105 uwa\u017cane za chronione przez GDPR. Gromadzone dane osobowe Imi\u0119 i nazwisko Telefon Przez e-mail Adres Historia zwi\u0105zana z wizytami na miejscu www.weldingacademyeu.com Adres IP Cel gromadzenia, przetwarzania i profilowania danych Dilibees s.r.o. gromadzi dane osobowe w nast\u0119puj\u0105cych celach: Dostarczanie produkt\u00f3w i us\u0142ug klientom. Informowanie klient\u00f3w i potencjalnych klient\u00f3w o nowych produktach oraz innych informacjach i komunikatach marketingowych. Gromadzenie danych: Wszystkie informacje gromadzone na temat os\u00f3b fizycznych s\u0105 gromadzone za po\u015brednictwem formularza zam\u00f3wienia lub formularza kontaktowego. Dilibees Ltd. nie wykorzystuje danych o osobach pochodz\u0105cych ze \u017ar\u00f3de\u0142 zewn\u0119trznych. \u0141\u0105czenie i profilowanie danych: Green Earth nie udost\u0119pnia \u017cadnych danych osobowych stronom trzecim, z wyj\u0105tkiem zakontraktowanych firm spedycyjnych w celu dostarczenia produkt\u00f3w. Wszystkie zebrane dane s\u0105 wykorzystywane wy\u0142\u0105cznie jako informacje kontaktowe wewn\u0105trz organizacji. Dilibees Ltd. wykorzystuje dane do cel\u00f3w marketingowych i biznesowych. Dilibees Ltd. \u0142\u0105czy wszystkie dane we w\u0142asnym systemie informacyjnym (Easy Project) i systemie sklepu internetowego. Ka\u017cdy inny system wykorzystuje tylko fragmenty danych i dlatego nie jest uwa\u017cany za dane w RODO. Prawo do usuni\u0119cia danych osobowych Ka\u017cdy ma prawo do usuni\u0119cia danych osobowych. Wystarczy wys\u0142a\u0107 wiadomo\u015b\u0107 e-mail na adres info@weldingacademyeu.com z tematem usuni\u0119cie danych osobowych. W tre\u015bci wiadomo\u015bci nale\u017cy poda\u0107 swoje imi\u0119 i nazwisko.<\/p>\n","protected":false},"author":1,"featured_media":0,"parent":0,"menu_order":0,"comment_status":"closed","ping_status":"closed","template":"","meta":{"_acf_changed":false,"editor_plus_copied_stylings":"{}","footnotes":""},"class_list":["post-31266","page","type-page","status-publish","hentry"],"acf":[],"_links":{"self":[{"href":"https:\/\/www.weldingacademyeu.com\/pl\/wp-json\/wp\/v2\/pages\/31266","targetHints":{"allow":["GET"]}}],"collection":[{"href":"https:\/\/www.weldingacademyeu.com\/pl\/wp-json\/wp\/v2\/pages"}],"about":[{"href":"https:\/\/www.weldingacademyeu.com\/pl\/wp-json\/wp\/v2\/types\/page"}],"author":[{"embeddable":true,"href":"https:\/\/www.weldingacademyeu.com\/pl\/wp-json\/wp\/v2\/users\/1"}],"replies":[{"embeddable":true,"href":"https:\/\/www.weldingacademyeu.com\/pl\/wp-json\/wp\/v2\/comments?post=31266"}],"version-history":[{"count":4,"href":"https:\/\/www.weldingacademyeu.com\/pl\/wp-json\/wp\/v2\/pages\/31266\/revisions"}],"predecessor-version":[{"id":45326,"href":"https:\/\/www.weldingacademyeu.com\/pl\/wp-json\/wp\/v2\/pages\/31266\/revisions\/45326"}],"wp:attachment":[{"href":"https:\/\/www.weldingacademyeu.com\/pl\/wp-json\/wp\/v2\/media?parent=31266"}],"curies":[{"name":"wp","href":"https:\/\/api.w.org\/{rel}","templated":true}]}}