{"id":31229,"date":"2024-06-23T21:02:29","date_gmt":"2024-06-23T19:02:29","guid":{"rendered":"https:\/\/www.weldingacademyeu.com\/wysylka-i-platnosc\/"},"modified":"2024-07-31T04:07:43","modified_gmt":"2024-07-31T02:07:43","slug":"wysylka-i-platnosc","status":"publish","type":"page","link":"https:\/\/www.weldingacademyeu.com\/pl\/wysylka-i-platnosc\/","title":{"rendered":"Wysy\u0142ka i p\u0142atno\u015b\u0107"},"content":{"rendered":"\t\t<div data-elementor-type=\"wp-page\" data-elementor-id=\"31229\" class=\"elementor elementor-31229 elementor-10067\" data-elementor-post-type=\"page\">\n\t\t\t\t<div class=\"elementor-element elementor-element-3b5d054 e-con-full e-flex e-con e-parent\" data-id=\"3b5d054\" data-element_type=\"container\" data-settings=\"{&quot;background_background&quot;:&quot;classic&quot;}\">\n\t\t<div class=\"elementor-element elementor-element-d1e291d e-con-full e-flex e-con e-child\" data-id=\"d1e291d\" data-element_type=\"container\">\n\t\t\t\t<div class=\"elementor-element elementor-element-5f7320c elementor-widget elementor-widget-heading\" data-id=\"5f7320c\" data-element_type=\"widget\" data-widget_type=\"heading.default\">\n\t\t\t\t<div class=\"elementor-widget-container\">\n\t\t\t\t\t<h2 class=\"elementor-heading-title elementor-size-default\">Wysy\u0142ka i p\u0142atno\u015b\u0107<\/h2>\t\t\t\t<\/div>\n\t\t\t\t<\/div>\n\t\t\t\t<\/div>\n\t\t\t\t<\/div>\n\t\t<div class=\"elementor-element elementor-element-ab1a20b e-flex e-con-boxed e-con e-parent\" data-id=\"ab1a20b\" data-element_type=\"container\">\n\t\t\t\t\t<div class=\"e-con-inner\">\n\t\t\t\t<div class=\"elementor-element elementor-element-c82c468 elementor-widget elementor-widget-heading\" data-id=\"c82c468\" data-element_type=\"widget\" data-widget_type=\"heading.default\">\n\t\t\t\t<div class=\"elementor-widget-container\">\n\t\t\t\t\t<h2 class=\"elementor-heading-title elementor-size-default\">Transport Czechy<\/h2>\t\t\t\t<\/div>\n\t\t\t\t<\/div>\n\t\t\t\t\t<\/div>\n\t\t\t\t<\/div>\n\t\t<div class=\"elementor-element elementor-element-1147a09 e-flex e-con-boxed e-con e-parent\" data-id=\"1147a09\" data-element_type=\"container\">\n\t\t\t\t\t<div class=\"e-con-inner\">\n\t\t<div class=\"elementor-element elementor-element-2b30114 e-con-full e-flex e-con e-child\" data-id=\"2b30114\" data-element_type=\"container\">\n\t\t\t\t<div class=\"elementor-element elementor-element-d0a1aa2 elementor-widget elementor-widget-image\" data-id=\"d0a1aa2\" data-element_type=\"widget\" data-widget_type=\"image.default\">\n\t\t\t\t<div class=\"elementor-widget-container\">\n\t\t\t\t\t\t\t\t\t\t\t\t\t\t\t<img fetchpriority=\"high\" decoding=\"async\" width=\"1024\" height=\"262\" src=\"https:\/\/www.weldingacademyeu.com\/wp-content\/uploads\/2024\/06\/Zasilkovna_logo_WEB-1024x262.png\" class=\"attachment-large size-large wp-image-27485\" alt=\"\" srcset=\"https:\/\/www.weldingacademyeu.com\/wp-content\/uploads\/2024\/06\/Zasilkovna_logo_WEB-1024x262.png 1024w, https:\/\/www.weldingacademyeu.com\/wp-content\/uploads\/2024\/06\/Zasilkovna_logo_WEB-150x38.png 150w, https:\/\/www.weldingacademyeu.com\/wp-content\/uploads\/2024\/06\/Zasilkovna_logo_WEB-800x205.png 800w, https:\/\/www.weldingacademyeu.com\/wp-content\/uploads\/2024\/06\/Zasilkovna_logo_WEB-300x77.png 300w, https:\/\/www.weldingacademyeu.com\/wp-content\/uploads\/2024\/06\/Zasilkovna_logo_WEB-768x197.png 768w, https:\/\/www.weldingacademyeu.com\/wp-content\/uploads\/2024\/06\/Zasilkovna_logo_WEB-990x254.png 990w, https:\/\/www.weldingacademyeu.com\/wp-content\/uploads\/2024\/06\/Zasilkovna_logo_WEB-441x113.png 441w, https:\/\/www.weldingacademyeu.com\/wp-content\/uploads\/2024\/06\/Zasilkovna_logo_WEB.png 1101w\" sizes=\"(max-width: 1024px) 100vw, 1024px\" \/>\t\t\t\t\t\t\t\t\t\t\t\t\t\t\t<\/div>\n\t\t\t\t<\/div>\n\t\t\t\t<div class=\"elementor-element elementor-element-252ef7a elementor-widget elementor-widget-text-editor\" data-id=\"252ef7a\" data-element_type=\"widget\" data-widget_type=\"text-editor.default\">\n\t\t\t\t<div class=\"elementor-widget-container\">\n\t\t\t\t\t\t\t\t\t<p>Najpopularniejsza opcja transportu do punkt\u00f3w dostawy w ca\u0142ym kraju.<br \/>\nMo\u017cna nada\u0107 paczk\u0119 o wadze do 15 kg.<br \/>\nCzas wysy\u0142ki wynosi zazwyczaj 1-2 dni.<br \/>\nOtrzymasz kod odbioru i link do \u015bledzenia przesy\u0142ki.<br \/>\nMo\u017cesz wybiera\u0107 spo\u015br\u00f3d ponad 7300 lokalizacji nadania w ca\u0142ym kraju.    <\/p>\n\t\t\t\t\t\t\t\t<\/div>\n\t\t\t\t<\/div>\n\t\t\t\t<\/div>\n\t\t\t\t\t<\/div>\n\t\t\t\t<\/div>\n\t\t<div class=\"elementor-element elementor-element-c0f62a2 e-flex e-con-boxed e-con e-parent\" data-id=\"c0f62a2\" data-element_type=\"container\">\n\t\t\t\t\t<div class=\"e-con-inner\">\n\t\t<div class=\"elementor-element elementor-element-e44fe4b e-con-full e-flex e-con e-child\" data-id=\"e44fe4b\" data-element_type=\"container\">\n\t\t\t\t<div class=\"elementor-element elementor-element-8ea6ba5 elementor-widget elementor-widget-heading\" data-id=\"8ea6ba5\" data-element_type=\"widget\" data-widget_type=\"heading.default\">\n\t\t\t\t<div class=\"elementor-widget-container\">\n\t\t\t\t\t<h2 class=\"elementor-heading-title elementor-size-default\">Dostawa do punktu wydawania<\/h2>\t\t\t\t<\/div>\n\t\t\t\t<\/div>\n\t\t\t\t<\/div>\n\t\t<div class=\"elementor-element elementor-element-7157105 e-con-full e-flex e-con e-child\" data-id=\"7157105\" data-element_type=\"container\">\n\t\t\t\t<div class=\"elementor-element elementor-element-0dc2d3f elementor-widget elementor-widget-heading\" data-id=\"0dc2d3f\" data-element_type=\"widget\" data-widget_type=\"heading.default\">\n\t\t\t\t<div class=\"elementor-widget-container\">\n\t\t\t\t\t<h2 class=\"elementor-heading-title elementor-size-default\">75 CZK \/ 3 EUR<\/h2>\t\t\t\t<\/div>\n\t\t\t\t<\/div>\n\t\t\t\t<\/div>\n\t\t\t\t\t<\/div>\n\t\t\t\t<\/div>\n\t\t<div class=\"elementor-element elementor-element-d4ebf2d e-flex e-con-boxed e-con e-parent\" data-id=\"d4ebf2d\" data-element_type=\"container\">\n\t\t\t\t\t<div class=\"e-con-inner\">\n\t\t<div class=\"elementor-element elementor-element-f7645c2 e-con-full e-flex e-con e-child\" data-id=\"f7645c2\" data-element_type=\"container\">\n\t\t\t\t<div class=\"elementor-element elementor-element-9081f63 elementor-widget elementor-widget-heading\" data-id=\"9081f63\" data-element_type=\"widget\" data-widget_type=\"heading.default\">\n\t\t\t\t<div class=\"elementor-widget-container\">\n\t\t\t\t\t<h2 class=\"elementor-heading-title elementor-size-default\">Dostawa na adres (do 15 kg)<\/h2>\t\t\t\t<\/div>\n\t\t\t\t<\/div>\n\t\t\t\t<\/div>\n\t\t<div class=\"elementor-element elementor-element-4937eb8 e-con-full e-flex e-con e-child\" data-id=\"4937eb8\" data-element_type=\"container\">\n\t\t\t\t<div class=\"elementor-element elementor-element-e10b332 elementor-widget elementor-widget-heading\" data-id=\"e10b332\" data-element_type=\"widget\" data-widget_type=\"heading.default\">\n\t\t\t\t<div class=\"elementor-widget-container\">\n\t\t\t\t\t<h2 class=\"elementor-heading-title elementor-size-default\">109 CZK \/ 4,36 EUR<\/h2>\t\t\t\t<\/div>\n\t\t\t\t<\/div>\n\t\t\t\t<\/div>\n\t\t\t\t\t<\/div>\n\t\t\t\t<\/div>\n\t\t<div class=\"elementor-element elementor-element-9d5ed23 e-flex e-con-boxed e-con e-parent\" data-id=\"9d5ed23\" data-element_type=\"container\">\n\t\t\t\t\t<div class=\"e-con-inner\">\n\t\t\t\t<div class=\"elementor-element elementor-element-21671cd elementor-widget elementor-widget-heading\" data-id=\"21671cd\" data-element_type=\"widget\" data-widget_type=\"heading.default\">\n\t\t\t\t<div class=\"elementor-widget-container\">\n\t\t\t\t\t<h2 class=\"elementor-heading-title elementor-size-default\">Transport SK<\/h2>\t\t\t\t<\/div>\n\t\t\t\t<\/div>\n\t\t\t\t\t<\/div>\n\t\t\t\t<\/div>\n\t\t<div class=\"elementor-element elementor-element-fadcb75 e-flex e-con-boxed e-con e-parent\" data-id=\"fadcb75\" data-element_type=\"container\">\n\t\t\t\t\t<div class=\"e-con-inner\">\n\t\t<div class=\"elementor-element elementor-element-b76bb19 e-con-full e-flex e-con e-child\" data-id=\"b76bb19\" data-element_type=\"container\">\n\t\t\t\t<div class=\"elementor-element elementor-element-8accf1e elementor-widget elementor-widget-image\" data-id=\"8accf1e\" data-element_type=\"widget\" data-widget_type=\"image.default\">\n\t\t\t\t<div class=\"elementor-widget-container\">\n\t\t\t\t\t\t\t\t\t\t\t\t\t\t\t<img fetchpriority=\"high\" decoding=\"async\" width=\"1024\" height=\"262\" src=\"https:\/\/www.weldingacademyeu.com\/wp-content\/uploads\/2024\/06\/Zasilkovna_logo_WEB-1024x262.png\" class=\"attachment-large size-large wp-image-27485\" alt=\"\" srcset=\"https:\/\/www.weldingacademyeu.com\/wp-content\/uploads\/2024\/06\/Zasilkovna_logo_WEB-1024x262.png 1024w, https:\/\/www.weldingacademyeu.com\/wp-content\/uploads\/2024\/06\/Zasilkovna_logo_WEB-150x38.png 150w, https:\/\/www.weldingacademyeu.com\/wp-content\/uploads\/2024\/06\/Zasilkovna_logo_WEB-800x205.png 800w, https:\/\/www.weldingacademyeu.com\/wp-content\/uploads\/2024\/06\/Zasilkovna_logo_WEB-300x77.png 300w, https:\/\/www.weldingacademyeu.com\/wp-content\/uploads\/2024\/06\/Zasilkovna_logo_WEB-768x197.png 768w, https:\/\/www.weldingacademyeu.com\/wp-content\/uploads\/2024\/06\/Zasilkovna_logo_WEB-990x254.png 990w, https:\/\/www.weldingacademyeu.com\/wp-content\/uploads\/2024\/06\/Zasilkovna_logo_WEB-441x113.png 441w, https:\/\/www.weldingacademyeu.com\/wp-content\/uploads\/2024\/06\/Zasilkovna_logo_WEB.png 1101w\" sizes=\"(max-width: 1024px) 100vw, 1024px\" \/>\t\t\t\t\t\t\t\t\t\t\t\t\t\t\t<\/div>\n\t\t\t\t<\/div>\n\t\t\t\t<div class=\"elementor-element elementor-element-0da21a6 elementor-widget elementor-widget-text-editor\" data-id=\"0da21a6\" data-element_type=\"widget\" data-widget_type=\"text-editor.default\">\n\t\t\t\t<div class=\"elementor-widget-container\">\n\t\t\t\t\t\t\t\t\t<p>Wysy\u0142amy towary na S\u0142owacj\u0119 za po\u015brednictwem sprzeda\u017cy wysy\u0142kowej.<br \/>\nUwielbiamy to i Ty r\u00f3wnie\u017c. <\/p>\n\t\t\t\t\t\t\t\t<\/div>\n\t\t\t\t<\/div>\n\t\t\t\t<\/div>\n\t\t\t\t\t<\/div>\n\t\t\t\t<\/div>\n\t\t<div class=\"elementor-element elementor-element-894b6ac e-flex e-con-boxed e-con e-parent\" data-id=\"894b6ac\" data-element_type=\"container\">\n\t\t\t\t\t<div class=\"e-con-inner\">\n\t\t<div class=\"elementor-element elementor-element-b59bf42 e-con-full e-flex e-con e-child\" data-id=\"b59bf42\" data-element_type=\"container\">\n\t\t\t\t<div class=\"elementor-element elementor-element-b2258aa elementor-widget elementor-widget-heading\" data-id=\"b2258aa\" data-element_type=\"widget\" data-widget_type=\"heading.default\">\n\t\t\t\t<div class=\"elementor-widget-container\">\n\t\t\t\t\t<h2 class=\"elementor-heading-title elementor-size-default\">Dostawa do punktu wydawania<\/h2>\t\t\t\t<\/div>\n\t\t\t\t<\/div>\n\t\t\t\t<\/div>\n\t\t<div class=\"elementor-element elementor-element-4950839 e-con-full e-flex e-con e-child\" data-id=\"4950839\" data-element_type=\"container\">\n\t\t\t\t<div class=\"elementor-element elementor-element-82601c2 elementor-widget elementor-widget-heading\" data-id=\"82601c2\" data-element_type=\"widget\" data-widget_type=\"heading.default\">\n\t\t\t\t<div class=\"elementor-widget-container\">\n\t\t\t\t\t<h2 class=\"elementor-heading-title elementor-size-default\">100 CZK \/ 3,99 EUR<\/h2>\t\t\t\t<\/div>\n\t\t\t\t<\/div>\n\t\t\t\t<\/div>\n\t\t\t\t\t<\/div>\n\t\t\t\t<\/div>\n\t\t<div class=\"elementor-element elementor-element-76236d1 e-flex e-con-boxed e-con e-parent\" data-id=\"76236d1\" data-element_type=\"container\">\n\t\t\t\t\t<div class=\"e-con-inner\">\n\t\t<div class=\"elementor-element elementor-element-aad5cf3 e-con-full e-flex e-con e-child\" data-id=\"aad5cf3\" data-element_type=\"container\">\n\t\t\t\t<div class=\"elementor-element elementor-element-86c4ece elementor-widget elementor-widget-heading\" data-id=\"86c4ece\" data-element_type=\"widget\" data-widget_type=\"heading.default\">\n\t\t\t\t<div class=\"elementor-widget-container\">\n\t\t\t\t\t<h2 class=\"elementor-heading-title elementor-size-default\">Dostawa na adres (do 15 kg)<\/h2>\t\t\t\t<\/div>\n\t\t\t\t<\/div>\n\t\t\t\t<\/div>\n\t\t<div class=\"elementor-element elementor-element-551f34f e-con-full e-flex e-con e-child\" data-id=\"551f34f\" data-element_type=\"container\">\n\t\t\t\t<div class=\"elementor-element elementor-element-4917b3a elementor-widget elementor-widget-heading\" data-id=\"4917b3a\" data-element_type=\"widget\" data-widget_type=\"heading.default\">\n\t\t\t\t<div class=\"elementor-widget-container\">\n\t\t\t\t\t<h2 class=\"elementor-heading-title elementor-size-default\">125 CZK \/ 4,99 EUR<\/h2>\t\t\t\t<\/div>\n\t\t\t\t<\/div>\n\t\t\t\t<\/div>\n\t\t\t\t\t<\/div>\n\t\t\t\t<\/div>\n\t\t<div class=\"elementor-element elementor-element-483723d e-flex e-con-boxed e-con e-parent\" data-id=\"483723d\" data-element_type=\"container\">\n\t\t\t\t\t<div class=\"e-con-inner\">\n\t\t\t\t<div class=\"elementor-element elementor-element-cbfec4a elementor-widget elementor-widget-heading\" data-id=\"cbfec4a\" data-element_type=\"widget\" data-widget_type=\"heading.default\">\n\t\t\t\t<div class=\"elementor-widget-container\">\n\t\t\t\t\t<h2 class=\"elementor-heading-title elementor-size-default\">Opcje p\u0142atno\u015bci<\/h2>\t\t\t\t<\/div>\n\t\t\t\t<\/div>\n\t\t\t\t\t<\/div>\n\t\t\t\t<\/div>\n\t\t<div class=\"elementor-element elementor-element-25b753d e-flex e-con-boxed e-con e-parent\" data-id=\"25b753d\" data-element_type=\"container\">\n\t\t\t\t\t<div class=\"e-con-inner\">\n\t\t<div class=\"elementor-element elementor-element-6f7f8a1 e-con-full e-flex e-con e-child\" data-id=\"6f7f8a1\" data-element_type=\"container\">\n\t\t\t\t<div class=\"elementor-element elementor-element-51ab4f4 elementor-widget elementor-widget-heading\" data-id=\"51ab4f4\" data-element_type=\"widget\" data-widget_type=\"heading.default\">\n\t\t\t\t<div class=\"elementor-widget-container\">\n\t\t\t\t\t<h2 class=\"elementor-heading-title elementor-size-default\">Przelew bankowy<\/h2>\t\t\t\t<\/div>\n\t\t\t\t<\/div>\n\t\t\t\t<\/div>\n\t\t<div class=\"elementor-element elementor-element-a4f367a e-con-full e-flex e-con e-child\" data-id=\"a4f367a\" data-element_type=\"container\">\n\t\t\t\t<div class=\"elementor-element elementor-element-f28d0f7 elementor-widget elementor-widget-heading\" data-id=\"f28d0f7\" data-element_type=\"widget\" data-widget_type=\"heading.default\">\n\t\t\t\t<div class=\"elementor-widget-container\">\n\t\t\t\t\t<h2 class=\"elementor-heading-title elementor-size-default\">BEZP\u0141ATNY<\/h2>\t\t\t\t<\/div>\n\t\t\t\t<\/div>\n\t\t\t\t<\/div>\n\t\t\t\t\t<\/div>\n\t\t\t\t<\/div>\n\t\t<div class=\"elementor-element elementor-element-7286b36 e-flex e-con-boxed e-con e-parent\" data-id=\"7286b36\" data-element_type=\"container\">\n\t\t\t\t\t<div class=\"e-con-inner\">\n\t\t<div class=\"elementor-element elementor-element-70100df e-con-full e-flex e-con e-child\" data-id=\"70100df\" data-element_type=\"container\">\n\t\t\t\t<div class=\"elementor-element elementor-element-f9d2068 elementor-widget elementor-widget-heading\" data-id=\"f9d2068\" data-element_type=\"widget\" data-widget_type=\"heading.default\">\n\t\t\t\t<div class=\"elementor-widget-container\">\n\t\t\t\t\t<h2 class=\"elementor-heading-title elementor-size-default\">P\u0142atno\u015b\u0107 kart\u0105<\/h2>\t\t\t\t<\/div>\n\t\t\t\t<\/div>\n\t\t\t\t<\/div>\n\t\t<div class=\"elementor-element elementor-element-c92a37d e-con-full e-flex e-con e-child\" data-id=\"c92a37d\" data-element_type=\"container\">\n\t\t\t\t<div class=\"elementor-element elementor-element-9330c93 elementor-widget elementor-widget-heading\" data-id=\"9330c93\" data-element_type=\"widget\" data-widget_type=\"heading.default\">\n\t\t\t\t<div class=\"elementor-widget-container\">\n\t\t\t\t\t<h2 class=\"elementor-heading-title elementor-size-default\">BEZP\u0141ATNY<\/h2>\t\t\t\t<\/div>\n\t\t\t\t<\/div>\n\t\t\t\t<\/div>\n\t\t\t\t\t<\/div>\n\t\t\t\t<\/div>\n\t\t<div class=\"elementor-element elementor-element-a93ffa3 e-flex e-con-boxed e-con e-parent\" data-id=\"a93ffa3\" data-element_type=\"container\">\n\t\t\t\t\t<div class=\"e-con-inner\">\n\t\t<div class=\"elementor-element elementor-element-f48db3e e-con-full e-flex e-con e-child\" data-id=\"f48db3e\" data-element_type=\"container\">\n\t\t\t\t<div class=\"elementor-element elementor-element-757d225 elementor-widget elementor-widget-heading\" data-id=\"757d225\" data-element_type=\"widget\" data-widget_type=\"heading.default\">\n\t\t\t\t<div class=\"elementor-widget-container\">\n\t\t\t\t\t<h2 class=\"elementor-heading-title elementor-size-default\">Apple Pay i Google Pay<\/h2>\t\t\t\t<\/div>\n\t\t\t\t<\/div>\n\t\t\t\t<\/div>\n\t\t<div class=\"elementor-element elementor-element-792d2ea e-con-full e-flex e-con e-child\" data-id=\"792d2ea\" data-element_type=\"container\">\n\t\t\t\t<div class=\"elementor-element elementor-element-bc0cbfa elementor-widget elementor-widget-heading\" data-id=\"bc0cbfa\" data-element_type=\"widget\" data-widget_type=\"heading.default\">\n\t\t\t\t<div class=\"elementor-widget-container\">\n\t\t\t\t\t<h2 class=\"elementor-heading-title elementor-size-default\">BEZP\u0141ATNY<\/h2>\t\t\t\t<\/div>\n\t\t\t\t<\/div>\n\t\t\t\t<\/div>\n\t\t\t\t\t<\/div>\n\t\t\t\t<\/div>\n\t\t<div class=\"elementor-element elementor-element-0f2d0c7 e-flex e-con-boxed e-con e-parent\" data-id=\"0f2d0c7\" data-element_type=\"container\">\n\t\t\t\t\t<div class=\"e-con-inner\">\n\t\t<div class=\"elementor-element elementor-element-ef15547 e-con-full e-flex e-con e-child\" data-id=\"ef15547\" data-element_type=\"container\">\n\t\t\t\t<div class=\"elementor-element elementor-element-7ac38df elementor-widget elementor-widget-heading\" data-id=\"7ac38df\" data-element_type=\"widget\" data-widget_type=\"heading.default\">\n\t\t\t\t<div class=\"elementor-widget-container\">\n\t\t\t\t\t<h2 class=\"elementor-heading-title elementor-size-default\">PayPal<\/h2>\t\t\t\t<\/div>\n\t\t\t\t<\/div>\n\t\t\t\t<\/div>\n\t\t<div class=\"elementor-element elementor-element-5221340 e-con-full e-flex e-con e-child\" data-id=\"5221340\" data-element_type=\"container\">\n\t\t\t\t<div class=\"elementor-element elementor-element-6cb61e4 elementor-widget elementor-widget-heading\" data-id=\"6cb61e4\" data-element_type=\"widget\" data-widget_type=\"heading.default\">\n\t\t\t\t<div class=\"elementor-widget-container\">\n\t\t\t\t\t<h2 class=\"elementor-heading-title elementor-size-default\">BEZP\u0141ATNY<\/h2>\t\t\t\t<\/div>\n\t\t\t\t<\/div>\n\t\t\t\t<\/div>\n\t\t\t\t\t<\/div>\n\t\t\t\t<\/div>\n\t\t\t\t<\/div>\n\t\t","protected":false},"excerpt":{"rendered":"<p>Wysy\u0142ka i p\u0142atno\u015b\u0107 Transport Czechy Najpopularniejsza opcja transportu do punkt\u00f3w dostawy w ca\u0142ym kraju. Mo\u017cna nada\u0107 paczk\u0119 o wadze do 15 kg. Czas wysy\u0142ki wynosi zazwyczaj 1-2 dni. Otrzymasz kod odbioru i link do \u015bledzenia przesy\u0142ki. Mo\u017cesz wybiera\u0107 spo\u015br\u00f3d ponad 7300 lokalizacji nadania w ca\u0142ym kraju. Dostawa do punktu wydawania 75 CZK \/ 3 EUR Dostawa na adres (do 15 kg) 109 CZK \/ 4,36 EUR Transport SK Wysy\u0142amy towary na S\u0142owacj\u0119 za po\u015brednictwem sprzeda\u017cy wysy\u0142kowej. Uwielbiamy to i Ty r\u00f3wnie\u017c. Dostawa do punktu wydawania 100 CZK \/ 3,99 EUR Dostawa na adres (do 15 kg) 125 CZK \/ 4,99 EUR Opcje p\u0142atno\u015bci Przelew bankowy BEZP\u0141ATNY P\u0142atno\u015b\u0107 kart\u0105 BEZP\u0141ATNY Apple Pay i Google Pay BEZP\u0141ATNY PayPal BEZP\u0141ATNY<\/p>\n","protected":false},"author":1,"featured_media":0,"parent":0,"menu_order":0,"comment_status":"closed","ping_status":"closed","template":"template-canvas.php","meta":{"_acf_changed":false,"editor_plus_copied_stylings":"{}","footnotes":""},"class_list":["post-31229","page","type-page","status-publish","hentry"],"acf":[],"_links":{"self":[{"href":"https:\/\/www.weldingacademyeu.com\/pl\/wp-json\/wp\/v2\/pages\/31229","targetHints":{"allow":["GET"]}}],"collection":[{"href":"https:\/\/www.weldingacademyeu.com\/pl\/wp-json\/wp\/v2\/pages"}],"about":[{"href":"https:\/\/www.weldingacademyeu.com\/pl\/wp-json\/wp\/v2\/types\/page"}],"author":[{"embeddable":true,"href":"https:\/\/www.weldingacademyeu.com\/pl\/wp-json\/wp\/v2\/users\/1"}],"replies":[{"embeddable":true,"href":"https:\/\/www.weldingacademyeu.com\/pl\/wp-json\/wp\/v2\/comments?post=31229"}],"version-history":[{"count":1,"href":"https:\/\/www.weldingacademyeu.com\/pl\/wp-json\/wp\/v2\/pages\/31229\/revisions"}],"predecessor-version":[{"id":31231,"href":"https:\/\/www.weldingacademyeu.com\/pl\/wp-json\/wp\/v2\/pages\/31229\/revisions\/31231"}],"wp:attachment":[{"href":"https:\/\/www.weldingacademyeu.com\/pl\/wp-json\/wp\/v2\/media?parent=31229"}],"curies":[{"name":"wp","href":"https:\/\/api.w.org\/{rel}","templated":true}]}}