{"id":30950,"date":"2024-06-24T01:01:18","date_gmt":"2024-06-23T23:01:18","guid":{"rendered":"https:\/\/www.weldingacademyeu.com\/club-only\/"},"modified":"2024-10-08T01:36:31","modified_gmt":"2024-10-07T23:36:31","slug":"club-only","status":"publish","type":"page","link":"https:\/\/www.weldingacademyeu.com\/pl\/club-only\/","title":{"rendered":"Club only"},"content":{"rendered":"\t\t<div data-elementor-type=\"wp-post\" data-elementor-id=\"30950\" class=\"elementor elementor-30950 elementor-10265\" data-elementor-post-type=\"page\">\n\t\t\t\t<div class=\"elementor-element elementor-element-0bd4511 e-flex e-con-boxed e-con e-parent\" data-id=\"0bd4511\" data-element_type=\"container\" data-settings=\"{&quot;background_background&quot;:&quot;classic&quot;}\">\n\t\t\t\t\t<div class=\"e-con-inner\">\n\t\t\t\t\t<\/div>\n\t\t\t\t<\/div>\n\t\t<div class=\"elementor-element elementor-element-2548dd8 e-flex e-con-boxed e-con e-parent\" data-id=\"2548dd8\" data-element_type=\"container\" data-settings=\"{&quot;background_background&quot;:&quot;classic&quot;}\">\n\t\t\t\t\t<div class=\"e-con-inner\">\n\t\t\t\t<div class=\"elementor-element elementor-element-e5063fb elementor-invisible elementor-widget elementor-widget-heading\" data-id=\"e5063fb\" data-element_type=\"widget\" data-settings=\"{&quot;_animation&quot;:&quot;fadeInUp&quot;}\" data-widget_type=\"heading.default\">\n\t\t\t\t<div class=\"elementor-widget-container\">\n\t\t\t\t\t<h1 class=\"elementor-heading-title elementor-size-default\">Ta sekcja jest tylko dla cz\u0142onk\u00f3w Clubu.<\/h1>\t\t\t\t<\/div>\n\t\t\t\t<\/div>\n\t\t\t\t<div class=\"elementor-element elementor-element-f70c75d elementor-invisible elementor-widget elementor-widget-heading\" data-id=\"f70c75d\" data-element_type=\"widget\" data-settings=\"{&quot;_animation&quot;:&quot;fadeInUp&quot;}\" data-widget_type=\"heading.default\">\n\t\t\t\t<div class=\"elementor-widget-container\">\n\t\t\t\t\t<h4 class=\"elementor-heading-title elementor-size-default\">Trenerzy s\u0105 gotowi odpowiedzie\u0107 na wszystkie pytania, a Ty otrzymasz 30% zni\u017cki na wszystkie towary w sklepie internetowym!<\/h4>\t\t\t\t<\/div>\n\t\t\t\t<\/div>\n\t\t\t\t<div class=\"elementor-element elementor-element-cbcec91 elementor-align-center elementor-mobile-align-justify elementor-widget elementor-widget-button\" data-id=\"cbcec91\" data-element_type=\"widget\" data-widget_type=\"button.default\">\n\t\t\t\t<div class=\"elementor-widget-container\">\n\t\t\t\t\t\t\t\t\t<div class=\"elementor-button-wrapper\">\n\t\t\t\t\t<a class=\"elementor-button elementor-button-link elementor-size-md elementor-animation-push\" href=\"https:\/\/www.weldingacademyeu.com\/pl\/kosz\/?add-to-cart=3447\">\n\t\t\t\t\t\t<span class=\"elementor-button-content-wrapper\">\n\t\t\t\t\t\t\t\t\t<span class=\"elementor-button-text\">Zdob\u0105d\u017a korzy\u015bci z cz\u0142onkostwa w Clubie<\/span>\n\t\t\t\t\t<\/span>\n\t\t\t\t\t<\/a>\n\t\t\t\t<\/div>\n\t\t\t\t\t\t\t\t<\/div>\n\t\t\t\t<\/div>\n\t\t\t\t<div class=\"elementor-element elementor-element-81ac1fd elementor-align-center elementor-mobile-align-justify elementor-widget elementor-widget-button\" data-id=\"81ac1fd\" data-element_type=\"widget\" data-widget_type=\"button.default\">\n\t\t\t\t<div class=\"elementor-widget-container\">\n\t\t\t\t\t\t\t\t\t<div class=\"elementor-button-wrapper\">\n\t\t\t\t\t<a class=\"elementor-button elementor-button-link elementor-size-xl elementor-animation-push\" href=\"https:\/\/www.weldingacademyeu.com\/pl\/club\/\">\n\t\t\t\t\t\t<span class=\"elementor-button-content-wrapper\">\n\t\t\t\t\t\t\t\t\t<span class=\"elementor-button-text\">Wi\u0119cej o cz\u0142onkostwie w Clubu<\/span>\n\t\t\t\t\t<\/span>\n\t\t\t\t\t<\/a>\n\t\t\t\t<\/div>\n\t\t\t\t\t\t\t\t<\/div>\n\t\t\t\t<\/div>\n\t\t\t\t\t<\/div>\n\t\t\t\t<\/div>\n\t\t\t\t<\/div>\n\t\t","protected":false},"excerpt":{"rendered":"<p>Ta sekcja jest tylko dla cz\u0142onk\u00f3w Clubu. Trenerzy s\u0105 gotowi odpowiedzie\u0107 na wszystkie pytania, a Ty otrzymasz 30% zni\u017cki na wszystkie towary w sklepie internetowym! Zdob\u0105d\u017a korzy\u015bci z cz\u0142onkostwa w Clubie Wi\u0119cej o cz\u0142onkostwie w Clubu<\/p>\n","protected":false},"author":1,"featured_media":0,"parent":0,"menu_order":0,"comment_status":"closed","ping_status":"closed","template":"template-canvas.php","meta":{"_acf_changed":false,"editor_plus_copied_stylings":"{}","footnotes":""},"class_list":["post-30950","page","type-page","status-publish","hentry"],"acf":[],"_links":{"self":[{"href":"https:\/\/www.weldingacademyeu.com\/pl\/wp-json\/wp\/v2\/pages\/30950","targetHints":{"allow":["GET"]}}],"collection":[{"href":"https:\/\/www.weldingacademyeu.com\/pl\/wp-json\/wp\/v2\/pages"}],"about":[{"href":"https:\/\/www.weldingacademyeu.com\/pl\/wp-json\/wp\/v2\/types\/page"}],"author":[{"embeddable":true,"href":"https:\/\/www.weldingacademyeu.com\/pl\/wp-json\/wp\/v2\/users\/1"}],"replies":[{"embeddable":true,"href":"https:\/\/www.weldingacademyeu.com\/pl\/wp-json\/wp\/v2\/comments?post=30950"}],"version-history":[{"count":8,"href":"https:\/\/www.weldingacademyeu.com\/pl\/wp-json\/wp\/v2\/pages\/30950\/revisions"}],"predecessor-version":[{"id":47274,"href":"https:\/\/www.weldingacademyeu.com\/pl\/wp-json\/wp\/v2\/pages\/30950\/revisions\/47274"}],"wp:attachment":[{"href":"https:\/\/www.weldingacademyeu.com\/pl\/wp-json\/wp\/v2\/media?parent=30950"}],"curies":[{"name":"wp","href":"https:\/\/api.w.org\/{rel}","templated":true}]}}