{"id":31066,"date":"2024-05-14T06:06:31","date_gmt":"2024-05-14T04:06:31","guid":{"rendered":"https:\/\/www.weldingacademyeu.com\/product\/bsb-wa-eu-schwarz\/"},"modified":"2026-04-15T08:58:15","modified_gmt":"2026-04-15T06:58:15","slug":"bsb-wa-eu-schwarz","status":"publish","type":"product","link":"https:\/\/www.weldingacademyeu.com\/de\/produkt\/bsb-wa-eu-schwarz\/","title":{"rendered":"BSB WA EU &#8211; schwarz"},"content":{"rendered":"\t\t<div data-elementor-type=\"page\" data-elementor-id=\"45031\" class=\"elementor elementor-45031 elementor-11267\" data-elementor-post-type=\"elementor_library\">\n\t\t\t\t<div class=\"elementor-element elementor-element-4ab2e751 e-flex e-con-boxed e-con e-parent\" data-id=\"4ab2e751\" data-element_type=\"container\">\n\t\t\t\t\t<div class=\"e-con-inner\">\n\t\t<div class=\"elementor-element elementor-element-57759dfc e-con-full e-flex e-con e-child\" data-id=\"57759dfc\" data-element_type=\"container\">\n\t\t\t\t<div class=\"elementor-element elementor-element-720f9693 elementor-widget elementor-widget-image\" data-id=\"720f9693\" data-element_type=\"widget\" data-widget_type=\"image.default\">\n\t\t\t\t<div class=\"elementor-widget-container\">\n\t\t\t\t\t\t\t\t\t\t\t\t\t\t\t<img fetchpriority=\"high\" decoding=\"async\" width=\"1200\" height=\"1200\" src=\"https:\/\/www.weldingacademyeu.com\/wp-content\/uploads\/2024\/04\/Generativni-vypln.jpg\" class=\"attachment-full size-full wp-image-13526\" alt=\"\" srcset=\"https:\/\/www.weldingacademyeu.com\/wp-content\/uploads\/2024\/04\/Generativni-vypln.jpg 1200w, https:\/\/www.weldingacademyeu.com\/wp-content\/uploads\/2024\/04\/Generativni-vypln-800x800.jpg 800w, https:\/\/www.weldingacademyeu.com\/wp-content\/uploads\/2024\/04\/Generativni-vypln-150x150.jpg 150w, https:\/\/www.weldingacademyeu.com\/wp-content\/uploads\/2024\/04\/Generativni-vypln-300x300.jpg 300w, https:\/\/www.weldingacademyeu.com\/wp-content\/uploads\/2024\/04\/Generativni-vypln-1024x1024.jpg 1024w, https:\/\/www.weldingacademyeu.com\/wp-content\/uploads\/2024\/04\/Generativni-vypln-768x768.jpg 768w, https:\/\/www.weldingacademyeu.com\/wp-content\/uploads\/2024\/04\/Generativni-vypln-624x624.jpg 624w\" sizes=\"(max-width: 1200px) 100vw, 1200px\" \/>\t\t\t\t\t\t\t\t\t\t\t\t\t\t\t<\/div>\n\t\t\t\t<\/div>\n\t\t\t\t<div class=\"elementor-element elementor-element-6e1fba6b elementor-widget elementor-widget-heading\" data-id=\"6e1fba6b\" data-element_type=\"widget\" data-widget_type=\"heading.default\">\n\t\t\t\t<div class=\"elementor-widget-container\">\n\t\t\t\t\t<h2 class=\"elementor-heading-title elementor-size-default\">Hochwertige Materialien<\/h2>\t\t\t\t<\/div>\n\t\t\t\t<\/div>\n\t\t\t\t<div class=\"elementor-element elementor-element-14b6cea0 elementor-widget elementor-widget-text-editor\" data-id=\"14b6cea0\" data-element_type=\"widget\" data-widget_type=\"text-editor.default\">\n\t\t\t\t<div class=\"elementor-widget-container\">\n\t\t\t\t\t\t\t\t\t<p>Die M\u00fctze ist komplett aus Baumwolle.<br \/>\nGeeignet als Kopfbedeckung in einer sauberen Umgebung. <\/p>\n\t\t\t\t\t\t\t\t<\/div>\n\t\t\t\t<\/div>\n\t\t\t\t<\/div>\n\t\t<div class=\"elementor-element elementor-element-353a2f47 e-con-full e-flex e-con e-child\" data-id=\"353a2f47\" data-element_type=\"container\">\n\t\t\t\t<div class=\"elementor-element elementor-element-5b52408b elementor-widget elementor-widget-image\" data-id=\"5b52408b\" data-element_type=\"widget\" data-widget_type=\"image.default\">\n\t\t\t\t<div class=\"elementor-widget-container\">\n\t\t\t\t\t\t\t\t\t\t\t\t\t\t\t<img decoding=\"async\" width=\"1200\" height=\"1200\" src=\"https:\/\/www.weldingacademyeu.com\/wp-content\/uploads\/2024\/04\/ksilt-bl1.jpg\" class=\"attachment-full size-full wp-image-13531\" alt=\"\" srcset=\"https:\/\/www.weldingacademyeu.com\/wp-content\/uploads\/2024\/04\/ksilt-bl1.jpg 1200w, https:\/\/www.weldingacademyeu.com\/wp-content\/uploads\/2024\/04\/ksilt-bl1-800x800.jpg 800w, https:\/\/www.weldingacademyeu.com\/wp-content\/uploads\/2024\/04\/ksilt-bl1-150x150.jpg 150w, https:\/\/www.weldingacademyeu.com\/wp-content\/uploads\/2024\/04\/ksilt-bl1-300x300.jpg 300w, https:\/\/www.weldingacademyeu.com\/wp-content\/uploads\/2024\/04\/ksilt-bl1-1024x1024.jpg 1024w, https:\/\/www.weldingacademyeu.com\/wp-content\/uploads\/2024\/04\/ksilt-bl1-768x768.jpg 768w, https:\/\/www.weldingacademyeu.com\/wp-content\/uploads\/2024\/04\/ksilt-bl1-624x624.jpg 624w\" sizes=\"(max-width: 1200px) 100vw, 1200px\" \/>\t\t\t\t\t\t\t\t\t\t\t\t\t\t\t<\/div>\n\t\t\t\t<\/div>\n\t\t\t\t<div class=\"elementor-element elementor-element-12c61311 elementor-widget elementor-widget-heading\" data-id=\"12c61311\" data-element_type=\"widget\" data-widget_type=\"heading.default\">\n\t\t\t\t<div class=\"elementor-widget-container\">\n\t\t\t\t\t<h2 class=\"elementor-heading-title elementor-size-default\">Vereinsm\u00fctze BSB WA EU<\/h2>\t\t\t\t<\/div>\n\t\t\t\t<\/div>\n\t\t\t\t<div class=\"elementor-element elementor-element-56e472c0 elementor-widget elementor-widget-text-editor\" data-id=\"56e472c0\" data-element_type=\"widget\" data-widget_type=\"text-editor.default\">\n\t\t\t\t<div class=\"elementor-widget-container\">\n\t\t\t\t\t\t\t\t\t<p>Schwarze Kappe aus 100% Baumwolle mit dem Logo des EU-Clubs Welding Academy.<br \/>\nUnser beliebtestes Produkt. <\/p>\n\t\t\t\t\t\t\t\t<\/div>\n\t\t\t\t<\/div>\n\t\t\t\t<\/div>\n\t\t\t\t\t<\/div>\n\t\t\t\t<\/div>\n\t\t<div class=\"elementor-element elementor-element-70196c96 e-flex e-con-boxed e-con e-parent\" data-id=\"70196c96\" data-element_type=\"container\">\n\t\t\t\t\t<div class=\"e-con-inner\">\n\t\t<div class=\"elementor-element elementor-element-65a7e0a7 e-con-full e-flex e-con e-child\" data-id=\"65a7e0a7\" data-element_type=\"container\">\n\t\t\t\t<div class=\"elementor-element elementor-element-71a7e2d9 elementor-widget elementor-widget-image\" data-id=\"71a7e2d9\" data-element_type=\"widget\" data-widget_type=\"image.default\">\n\t\t\t\t<div class=\"elementor-widget-container\">\n\t\t\t\t\t\t\t\t\t\t\t\t\t\t\t<img decoding=\"async\" width=\"1200\" height=\"1200\" src=\"https:\/\/www.weldingacademyeu.com\/wp-content\/uploads\/2024\/04\/Generativni-vypln-4.jpg\" class=\"attachment-full size-full wp-image-13521\" alt=\"\" srcset=\"https:\/\/www.weldingacademyeu.com\/wp-content\/uploads\/2024\/04\/Generativni-vypln-4.jpg 1200w, https:\/\/www.weldingacademyeu.com\/wp-content\/uploads\/2024\/04\/Generativni-vypln-4-800x800.jpg 800w, https:\/\/www.weldingacademyeu.com\/wp-content\/uploads\/2024\/04\/Generativni-vypln-4-150x150.jpg 150w, https:\/\/www.weldingacademyeu.com\/wp-content\/uploads\/2024\/04\/Generativni-vypln-4-300x300.jpg 300w, https:\/\/www.weldingacademyeu.com\/wp-content\/uploads\/2024\/04\/Generativni-vypln-4-1024x1024.jpg 1024w, https:\/\/www.weldingacademyeu.com\/wp-content\/uploads\/2024\/04\/Generativni-vypln-4-768x768.jpg 768w, https:\/\/www.weldingacademyeu.com\/wp-content\/uploads\/2024\/04\/Generativni-vypln-4-624x624.jpg 624w\" sizes=\"(max-width: 1200px) 100vw, 1200px\" \/>\t\t\t\t\t\t\t\t\t\t\t\t\t\t\t<\/div>\n\t\t\t\t<\/div>\n\t\t\t\t<div class=\"elementor-element elementor-element-535a39ed elementor-widget elementor-widget-heading\" data-id=\"535a39ed\" data-element_type=\"widget\" data-widget_type=\"heading.default\">\n\t\t\t\t<div class=\"elementor-widget-container\">\n\t\t\t\t\t<h2 class=\"elementor-heading-title elementor-size-default\">Verstellbarer Verschluss<\/h2>\t\t\t\t<\/div>\n\t\t\t\t<\/div>\n\t\t\t\t<div class=\"elementor-element elementor-element-243df3ed elementor-widget elementor-widget-text-editor\" data-id=\"243df3ed\" data-element_type=\"widget\" data-widget_type=\"text-editor.default\">\n\t\t\t\t<div class=\"elementor-widget-container\">\n\t\t\t\t\t\t\t\t\t<p>Der Verschluss ist f\u00fcr jede Kopfgr\u00f6\u00dfe einstellbar.<br \/>\nPasst perfekt auf jeden Kopf. <\/p>\n\t\t\t\t\t\t\t\t<\/div>\n\t\t\t\t<\/div>\n\t\t\t\t<\/div>\n\t\t<div class=\"elementor-element elementor-element-25f4faf0 e-con-full e-flex e-con e-child\" data-id=\"25f4faf0\" data-element_type=\"container\">\n\t\t\t\t<div class=\"elementor-element elementor-element-1f6fd6d1 elementor-widget elementor-widget-image\" data-id=\"1f6fd6d1\" data-element_type=\"widget\" data-widget_type=\"image.default\">\n\t\t\t\t<div class=\"elementor-widget-container\">\n\t\t\t\t\t\t\t\t\t\t\t\t\t\t\t<img loading=\"lazy\" decoding=\"async\" width=\"1138\" height=\"1138\" src=\"https:\/\/www.weldingacademyeu.com\/wp-content\/uploads\/2024\/05\/vnitrni-cast.jpg\" class=\"attachment-full size-full wp-image-14306\" alt=\"\" srcset=\"https:\/\/www.weldingacademyeu.com\/wp-content\/uploads\/2024\/05\/vnitrni-cast.jpg 1138w, https:\/\/www.weldingacademyeu.com\/wp-content\/uploads\/2024\/05\/vnitrni-cast-800x800.jpg 800w, https:\/\/www.weldingacademyeu.com\/wp-content\/uploads\/2024\/05\/vnitrni-cast-150x150.jpg 150w, https:\/\/www.weldingacademyeu.com\/wp-content\/uploads\/2024\/05\/vnitrni-cast-300x300.jpg 300w, https:\/\/www.weldingacademyeu.com\/wp-content\/uploads\/2024\/05\/vnitrni-cast-1024x1024.jpg 1024w, https:\/\/www.weldingacademyeu.com\/wp-content\/uploads\/2024\/05\/vnitrni-cast-768x768.jpg 768w, https:\/\/www.weldingacademyeu.com\/wp-content\/uploads\/2024\/05\/vnitrni-cast-624x624.jpg 624w, https:\/\/www.weldingacademyeu.com\/wp-content\/uploads\/2024\/05\/vnitrni-cast-50x50.jpg 50w, https:\/\/www.weldingacademyeu.com\/wp-content\/uploads\/2024\/05\/vnitrni-cast-100x100.jpg 100w\" sizes=\"(max-width: 1138px) 100vw, 1138px\" \/>\t\t\t\t\t\t\t\t\t\t\t\t\t\t\t<\/div>\n\t\t\t\t<\/div>\n\t\t\t\t<div class=\"elementor-element elementor-element-2aede180 elementor-widget elementor-widget-heading\" data-id=\"2aede180\" data-element_type=\"widget\" data-widget_type=\"heading.default\">\n\t\t\t\t<div class=\"elementor-widget-container\">\n\t\t\t\t\t<h2 class=\"elementor-heading-title elementor-size-default\">Interner Entwurf  <\/h2>\t\t\t\t<\/div>\n\t\t\t\t<\/div>\n\t\t\t\t<div class=\"elementor-element elementor-element-a63a18f elementor-widget elementor-widget-text-editor\" data-id=\"a63a18f\" data-element_type=\"widget\" data-widget_type=\"text-editor.default\">\n\t\t\t\t<div class=\"elementor-widget-container\">\n\t\t\t\t\t\t\t\t\t<p>Der Innensaum ist mit dem Welding Academy EU-Logo und einem Schriftzug in den Vereinsfarben Rot und Schwarz bedruckt.<\/p>\n\t\t\t\t\t\t\t\t<\/div>\n\t\t\t\t<\/div>\n\t\t\t\t<\/div>\n\t\t\t\t\t<\/div>\n\t\t\t\t<\/div>\n\t\t<div class=\"elementor-element elementor-element-1ae62fc e-flex e-con-boxed e-con e-parent\" data-id=\"1ae62fc\" data-element_type=\"container\">\n\t\t\t\t\t<div class=\"e-con-inner\">\n\t\t\t\t<div class=\"elementor-element elementor-element-25da4826 elementor-widget elementor-widget-heading\" data-id=\"25da4826\" data-element_type=\"widget\" data-settings=\"{&quot;motion_fx_motion_fx_scrolling&quot;:&quot;yes&quot;,&quot;motion_fx_translateX_effect&quot;:&quot;yes&quot;,&quot;motion_fx_translateX_direction&quot;:&quot;negative&quot;,&quot;motion_fx_translateX_speed&quot;:{&quot;unit&quot;:&quot;px&quot;,&quot;size&quot;:6.3,&quot;sizes&quot;:[]},&quot;motion_fx_devices&quot;:[&quot;desktop&quot;],&quot;motion_fx_translateX_affectedRange&quot;:{&quot;unit&quot;:&quot;%&quot;,&quot;size&quot;:&quot;&quot;,&quot;sizes&quot;:{&quot;start&quot;:0,&quot;end&quot;:100}}}\" data-widget_type=\"heading.default\">\n\t\t\t\t<div class=\"elementor-widget-container\">\n\t\t\t\t\t<h2 class=\"elementor-heading-title elementor-size-default\">DETAILS<\/h2>\t\t\t\t<\/div>\n\t\t\t\t<\/div>\n\t\t\t\t\t<\/div>\n\t\t\t\t<\/div>\n\t\t<div class=\"elementor-element elementor-element-eb0bfc6 e-flex e-con-boxed e-con e-parent\" data-id=\"eb0bfc6\" data-element_type=\"container\">\n\t\t\t\t\t<div class=\"e-con-inner\">\n\t\t\t\t<div class=\"elementor-element elementor-element-251be13f elementor-widget elementor-widget-html\" data-id=\"251be13f\" data-element_type=\"widget\" data-widget_type=\"html.default\">\n\t\t\t\t<div class=\"elementor-widget-container\">\n\t\t\t\t\t<table class=\"custom-table\">\n    <tbody>\n        <tr class=\"grey-background\">\n            <td>Verschl\u00fcsse<\/td><td>Schnappverschluss<\/td>\n        <\/tr>\n        <tr>\n            <td>Details<\/td><td>Logoaufn\u00e4her auf der Vorderseite, Thermoschnitt<\/td>\n        <\/tr>\n        <tr class=\"grey-background\">\n            <td>Inhalt der Packung<\/td><td>Kappe + Aufkleber<\/td>\n        <\/tr>\n       \n    <\/tbody>\n<\/table>\t\t\t\t<\/div>\n\t\t\t\t<\/div>\n\t\t\t\t\t<\/div>\n\t\t\t\t<\/div>\n\t\t<div class=\"elementor-element elementor-element-46eaf450 e-flex e-con-boxed e-con e-parent\" data-id=\"46eaf450\" data-element_type=\"container\">\n\t\t\t\t\t<div class=\"e-con-inner\">\n\t\t\t\t<div class=\"elementor-element elementor-element-69dfe71e elementor-widget elementor-widget-heading\" data-id=\"69dfe71e\" data-element_type=\"widget\" data-widget_type=\"heading.default\">\n\t\t\t\t<div class=\"elementor-widget-container\">\n\t\t\t\t\t<h2 class=\"elementor-heading-title elementor-size-default\">Zusammensetzung des Produkts:  <\/h2>\t\t\t\t<\/div>\n\t\t\t\t<\/div>\n\t\t\t\t<div class=\"elementor-element elementor-element-66f25ea8 elementor-widget elementor-widget-text-editor\" data-id=\"66f25ea8\" data-element_type=\"widget\" data-widget_type=\"text-editor.default\">\n\t\t\t\t<div class=\"elementor-widget-container\">\n\t\t\t\t\t\t\t\t\t<p><strong>53% Polyester.<\/strong>  Sehr starke und haltbare Kunstfaser.<br \/>\nDas Mischgewebe aus Polyester sieht auch dann noch gut aus, wenn Sie es den ganzen Tag tragen, und Sie werden an hei\u00dfen Tagen nicht darin kochen.<br \/>\nPolyester ist hypoallergen und leicht zu waschen, aber \u00fcberpr\u00fcfen Sie immer das Etikett, um sicherzugehen.  <\/p>\n<p><strong>47% Nylon.  <\/strong>Es ist bekannt f\u00fcr seine einfache Pflege und hohe Strapazierf\u00e4higkeit, so dass es kaum rei\u00dft.<br \/>\nEs ist ein Material mit minimaler Feuchtigkeitsaufnahme, wodurch es sich zum Beispiel ideal f\u00fcr Sportbekleidung und Alltagskleidung eignet. <\/p>\n\t\t\t\t\t\t\t\t<\/div>\n\t\t\t\t<\/div>\n\t\t\t\t\t<\/div>\n\t\t\t\t<\/div>\n\t\t<div class=\"elementor-element elementor-element-4cdc400e e-flex e-con-boxed e-con e-parent\" data-id=\"4cdc400e\" data-element_type=\"container\">\n\t\t\t\t\t<div class=\"e-con-inner\">\n\t\t\t\t<div class=\"elementor-element elementor-element-50ccdf69 elementor-widget elementor-widget-heading\" data-id=\"50ccdf69\" data-element_type=\"widget\" data-widget_type=\"heading.default\">\n\t\t\t\t<div class=\"elementor-widget-container\">\n\t\t\t\t\t<h2 class=\"elementor-heading-title elementor-size-default\">Wartungshinweise:<\/h2>\t\t\t\t<\/div>\n\t\t\t\t<\/div>\n\t\t<div class=\"elementor-element elementor-element-1b16017b e-flex e-con-boxed e-con e-child\" data-id=\"1b16017b\" data-element_type=\"container\">\n\t\t\t\t\t<div class=\"e-con-inner\">\n\t\t\t\t<div class=\"elementor-element elementor-element-7e325869 elementor-widget__width-initial elementor-icon-list--layout-traditional elementor-list-item-link-full_width elementor-widget elementor-widget-icon-list\" data-id=\"7e325869\" data-element_type=\"widget\" data-widget_type=\"icon-list.default\">\n\t\t\t\t<div class=\"elementor-widget-container\">\n\t\t\t\t\t\t\t<ul class=\"elementor-icon-list-items\">\n\t\t\t\t\t\t\t<li class=\"elementor-icon-list-item\">\n\t\t\t\t\t\t\t\t\t\t\t<span class=\"elementor-icon-list-icon\">\n\t\t\t\t\t\t\t<svg aria-hidden=\"true\" class=\"e-font-icon-svg e-fas-check\" viewBox=\"0 0 512 512\" xmlns=\"http:\/\/www.w3.org\/2000\/svg\"><path d=\"M173.898 439.404l-166.4-166.4c-9.997-9.997-9.997-26.206 0-36.204l36.203-36.204c9.997-9.998 26.207-9.998 36.204 0L192 312.69 432.095 72.596c9.997-9.997 26.207-9.997 36.204 0l36.203 36.204c9.997 9.997 9.997 26.206 0 36.204l-294.4 294.401c-9.998 9.997-26.207 9.997-36.204-.001z\"><\/path><\/svg>\t\t\t\t\t\t<\/span>\n\t\t\t\t\t\t\t\t\t\t<span class=\"elementor-icon-list-text\">H\u00e4ndewaschen<\/span>\n\t\t\t\t\t\t\t\t\t<\/li>\n\t\t\t\t\t\t<\/ul>\n\t\t\t\t\t\t<\/div>\n\t\t\t\t<\/div>\n\t\t\t\t<div class=\"elementor-element elementor-element-3d0075c0 elementor-widget__width-initial elementor-icon-list--layout-traditional elementor-list-item-link-full_width elementor-widget elementor-widget-icon-list\" data-id=\"3d0075c0\" data-element_type=\"widget\" data-widget_type=\"icon-list.default\">\n\t\t\t\t<div class=\"elementor-widget-container\">\n\t\t\t\t\t\t\t<ul class=\"elementor-icon-list-items\">\n\t\t\t\t\t\t\t<li class=\"elementor-icon-list-item\">\n\t\t\t\t\t\t\t\t\t\t\t<span class=\"elementor-icon-list-icon\">\n\t\t\t\t\t\t\t<svg aria-hidden=\"true\" class=\"e-font-icon-svg e-fas-times\" viewBox=\"0 0 352 512\" xmlns=\"http:\/\/www.w3.org\/2000\/svg\"><path d=\"M242.72 256l100.07-100.07c12.28-12.28 12.28-32.19 0-44.48l-22.24-22.24c-12.28-12.28-32.19-12.28-44.48 0L176 189.28 75.93 89.21c-12.28-12.28-32.19-12.28-44.48 0L9.21 111.45c-12.28 12.28-12.28 32.19 0 44.48L109.28 256 9.21 356.07c-12.28 12.28-12.28 32.19 0 44.48l22.24 22.24c12.28 12.28 32.2 12.28 44.48 0L176 322.72l100.07 100.07c12.28 12.28 32.2 12.28 44.48 0l22.24-22.24c12.28-12.28 12.28-32.19 0-44.48L242.72 256z\"><\/path><\/svg>\t\t\t\t\t\t<\/span>\n\t\t\t\t\t\t\t\t\t\t<span class=\"elementor-icon-list-text\">Ungebleicht<\/span>\n\t\t\t\t\t\t\t\t\t<\/li>\n\t\t\t\t\t\t\t\t<li class=\"elementor-icon-list-item\">\n\t\t\t\t\t\t\t\t\t\t\t<span class=\"elementor-icon-list-icon\">\n\t\t\t\t\t\t\t<svg aria-hidden=\"true\" class=\"e-font-icon-svg e-fas-times\" viewBox=\"0 0 352 512\" xmlns=\"http:\/\/www.w3.org\/2000\/svg\"><path d=\"M242.72 256l100.07-100.07c12.28-12.28 12.28-32.19 0-44.48l-22.24-22.24c-12.28-12.28-32.19-12.28-44.48 0L176 189.28 75.93 89.21c-12.28-12.28-32.19-12.28-44.48 0L9.21 111.45c-12.28 12.28-12.28 32.19 0 44.48L109.28 256 9.21 356.07c-12.28 12.28-12.28 32.19 0 44.48l22.24 22.24c12.28 12.28 32.2 12.28 44.48 0L176 322.72l100.07 100.07c12.28 12.28 32.2 12.28 44.48 0l22.24-22.24c12.28-12.28 12.28-32.19 0-44.48L242.72 256z\"><\/path><\/svg>\t\t\t\t\t\t<\/span>\n\t\t\t\t\t\t\t\t\t\t<span class=\"elementor-icon-list-text\">Nicht chemisch trocknen<\/span>\n\t\t\t\t\t\t\t\t\t<\/li>\n\t\t\t\t\t\t\t\t<li class=\"elementor-icon-list-item\">\n\t\t\t\t\t\t\t\t\t\t\t<span class=\"elementor-icon-list-icon\">\n\t\t\t\t\t\t\t<svg aria-hidden=\"true\" class=\"e-font-icon-svg e-fas-times\" viewBox=\"0 0 352 512\" xmlns=\"http:\/\/www.w3.org\/2000\/svg\"><path d=\"M242.72 256l100.07-100.07c12.28-12.28 12.28-32.19 0-44.48l-22.24-22.24c-12.28-12.28-32.19-12.28-44.48 0L176 189.28 75.93 89.21c-12.28-12.28-32.19-12.28-44.48 0L9.21 111.45c-12.28 12.28-12.28 32.19 0 44.48L109.28 256 9.21 356.07c-12.28 12.28-12.28 32.19 0 44.48l22.24 22.24c12.28 12.28 32.2 12.28 44.48 0L176 322.72l100.07 100.07c12.28 12.28 32.2 12.28 44.48 0l22.24-22.24c12.28-12.28 12.28-32.19 0-44.48L242.72 256z\"><\/path><\/svg>\t\t\t\t\t\t<\/span>\n\t\t\t\t\t\t\t\t\t\t<span class=\"elementor-icon-list-text\">Nicht b\u00fcgeln<\/span>\n\t\t\t\t\t\t\t\t\t<\/li>\n\t\t\t\t\t\t\t\t<li class=\"elementor-icon-list-item\">\n\t\t\t\t\t\t\t\t\t\t\t<span class=\"elementor-icon-list-icon\">\n\t\t\t\t\t\t\t<svg aria-hidden=\"true\" class=\"e-font-icon-svg e-fas-times\" viewBox=\"0 0 352 512\" xmlns=\"http:\/\/www.w3.org\/2000\/svg\"><path d=\"M242.72 256l100.07-100.07c12.28-12.28 12.28-32.19 0-44.48l-22.24-22.24c-12.28-12.28-32.19-12.28-44.48 0L176 189.28 75.93 89.21c-12.28-12.28-32.19-12.28-44.48 0L9.21 111.45c-12.28 12.28-12.28 32.19 0 44.48L109.28 256 9.21 356.07c-12.28 12.28-12.28 32.19 0 44.48l22.24 22.24c12.28 12.28 32.2 12.28 44.48 0L176 322.72l100.07 100.07c12.28 12.28 32.2 12.28 44.48 0l22.24-22.24c12.28-12.28 12.28-32.19 0-44.48L242.72 256z\"><\/path><\/svg>\t\t\t\t\t\t<\/span>\n\t\t\t\t\t\t\t\t\t\t<span class=\"elementor-icon-list-text\">Nicht im Trockner trocknen<\/span>\n\t\t\t\t\t\t\t\t\t<\/li>\n\t\t\t\t\t\t<\/ul>\n\t\t\t\t\t\t<\/div>\n\t\t\t\t<\/div>\n\t\t\t\t\t<\/div>\n\t\t\t\t<\/div>\n\t\t\t\t<div class=\"elementor-element elementor-element-1c8ab6e3 elementor-widget elementor-widget-text-editor\" data-id=\"1c8ab6e3\" data-element_type=\"widget\" data-widget_type=\"text-editor.default\">\n\t\t\t\t<div class=\"elementor-widget-container\">\n\t\t\t\t\t\t\t\t\t<p>Die Reibung einiger Stoffe mit Rei\u00dfverschl\u00fcssen, Klettverschl\u00fcssen, Rucks\u00e4cken oder anderem Zubeh\u00f6r kann beim Tragen oder Waschen unerw\u00fcnschte Pillingbildung verursachen, was nicht als Produktfehler gilt.<\/p>\n\t\t\t\t\t\t\t\t<\/div>\n\t\t\t\t<\/div>\n\t\t\t\t\t<\/div>\n\t\t\t\t<\/div>\n\t\t\t\t<\/div>\n\t\t\n","protected":false},"excerpt":{"rendered":"[elementor-template id=\"11267\"]\n","protected":false},"featured_media":13531,"comment_status":"open","ping_status":"closed","template":"elementor_theme","meta":{"_acf_changed":false,"editor_plus_copied_stylings":"{}"},"product_brand":[],"product_cat":[520,1112],"product_tag":[],"class_list":{"0":"post-31066","1":"product","2":"type-product","3":"status-publish","4":"has-post-thumbnail","6":"product_cat-shop-de-2","7":"product_cat-akce","8":"member-discount","9":"discount-restricted","11":"first","12":"instock","13":"taxable","14":"shipping-taxable","15":"product-type-simple"},"bundled_by":[],"bundle_stock_status":"instock","bundle_stock_quantity":75,"bundle_virtual":false,"bundle_layout":"","bundle_add_to_cart_form_location":"","bundle_editable_in_cart":false,"bundle_sold_individually_context":"","bundle_item_grouping":"","bundle_min_size":"","bundle_max_size":"","bundle_price":[],"bundled_items":[],"bundle_sell_ids":[],"acf":[],"_links":{"self":[{"href":"https:\/\/www.weldingacademyeu.com\/de\/wp-json\/wp\/v2\/product\/31066","targetHints":{"allow":["GET"]}}],"collection":[{"href":"https:\/\/www.weldingacademyeu.com\/de\/wp-json\/wp\/v2\/product"}],"about":[{"href":"https:\/\/www.weldingacademyeu.com\/de\/wp-json\/wp\/v2\/types\/product"}],"replies":[{"embeddable":true,"href":"https:\/\/www.weldingacademyeu.com\/de\/wp-json\/wp\/v2\/comments?post=31066"}],"version-history":[{"count":1,"href":"https:\/\/www.weldingacademyeu.com\/de\/wp-json\/wp\/v2\/product\/31066\/revisions"}],"predecessor-version":[{"id":31067,"href":"https:\/\/www.weldingacademyeu.com\/de\/wp-json\/wp\/v2\/product\/31066\/revisions\/31067"}],"wp:featuredmedia":[{"embeddable":true,"href":"https:\/\/www.weldingacademyeu.com\/de\/wp-json\/wp\/v2\/media\/13531"}],"wp:attachment":[{"href":"https:\/\/www.weldingacademyeu.com\/de\/wp-json\/wp\/v2\/media?parent=31066"}],"wp:term":[{"taxonomy":"product_brand","embeddable":true,"href":"https:\/\/www.weldingacademyeu.com\/de\/wp-json\/wp\/v2\/product_brand?post=31066"},{"taxonomy":"product_cat","embeddable":true,"href":"https:\/\/www.weldingacademyeu.com\/de\/wp-json\/wp\/v2\/product_cat?post=31066"},{"taxonomy":"product_tag","embeddable":true,"href":"https:\/\/www.weldingacademyeu.com\/de\/wp-json\/wp\/v2\/product_tag?post=31066"}],"curies":[{"name":"wp","href":"https:\/\/api.w.org\/{rel}","templated":true}]}}