{"id":31248,"date":"2024-06-23T21:34:41","date_gmt":"2024-06-23T19:34:41","guid":{"rendered":"https:\/\/www.weldingacademyeu.com\/gdpr\/"},"modified":"2024-07-31T04:07:54","modified_gmt":"2024-07-31T02:07:54","slug":"gdpr","status":"publish","type":"page","link":"https:\/\/www.weldingacademyeu.com\/de\/gdpr\/","title":{"rendered":"GDPR"},"content":{"rendered":"\t\t<div data-elementor-type=\"wp-page\" data-elementor-id=\"31248\" class=\"elementor elementor-31248 elementor-10125\" data-elementor-post-type=\"page\">\n\t\t\t\t<div class=\"elementor-element elementor-element-cf65e56 e-flex e-con-boxed e-con e-parent\" data-id=\"cf65e56\" data-element_type=\"container\">\n\t\t\t\t\t<div class=\"e-con-inner\">\n\t\t\t\t<div class=\"elementor-element elementor-element-d49285d elementor-widget elementor-widget-heading\" data-id=\"d49285d\" data-element_type=\"widget\" data-widget_type=\"heading.default\">\n\t\t\t\t<div class=\"elementor-widget-container\">\n\t\t\t\t\t<h2 class=\"elementor-heading-title elementor-size-default\">GDPR<\/h2>\t\t\t\t<\/div>\n\t\t\t\t<\/div>\n\t\t\t\t\t<\/div>\n\t\t\t\t<\/div>\n\t\t<div class=\"elementor-element elementor-element-09bc9bd e-flex e-con-boxed e-con e-parent\" data-id=\"09bc9bd\" data-element_type=\"container\">\n\t\t\t\t\t<div class=\"e-con-inner\">\n\t\t\t\t<div class=\"elementor-element elementor-element-2a0a720 elementor-widget elementor-widget-text-editor\" data-id=\"2a0a720\" data-element_type=\"widget\" data-widget_type=\"text-editor.default\">\n\t\t\t\t<div class=\"elementor-widget-container\">\n\t\t\t\t\t\t\t\t\t<div data-id=\"c65d7fb\" data-element_type=\"widget\" data-widget_type=\"heading.default\">\n<p>Dilibees s.r.o. ist der Betreiber des E-Shops www.weldingacademyeu.com.<br \/>\nDilibees s.r.o. ist eine gesch\u00e4ftliche Handelsorganisation.<br \/>\nDas bedeutet, dass alle erhobenen Daten zur Unterst\u00fctzung der Gesch\u00e4fte und Dienstleistungen von Dilibees s.r.o. verwendet werden.  <\/p>\n<p>Im Rahmen der DSGVO werden Daten \u00fcber Personen gesammelt, die als durch die DSGVO gesch\u00fctzt gelten.<\/p>\n<p><b>Erfasste pers\u00f6nliche Daten<\/b><\/p>\n<ul>\n<li>Vorname und Nachname<\/li>\n<li>Telefon<\/li>\n<li>Per E-Mail<\/li>\n<li>Adresse<\/li>\n<li>Geschichte in Bezug auf Besuche vor Ort<\/li>\n<li>www.weldingacademyeu.com<\/li>\n<li>IP-Adresse<\/li>\n<\/ul>\n<p><b>Zweck der Datenerhebung, -verarbeitung und des Profilings<\/b><\/p>\n<p>Dilibees s.r.o. sammelt personenbezogene Daten f\u00fcr die folgenden Zwecke:<\/p>\n<ul>\n<li>Bereitstellung von Produkten und Dienstleistungen f\u00fcr Kunden.<\/li>\n<li>Informieren Sie Kunden und potenzielle Kunden \u00fcber neue Produkte und andere Informationen und Marketingbotschaften.<\/li>\n<\/ul>\n<p><b>Datenerhebung:<\/b><\/p>\n<p>Alle Informationen, die \u00fcber Einzelpersonen gesammelt werden, werden \u00fcber ein Bestell- oder Kontaktformular erfasst.<br \/>\nDilibees Ltd. verwendet keine Daten \u00fcber Personen aus externen Quellen. <\/p>\n<p><b>Datenkombination und Profilerstellung:<\/b><\/p>\n<p>Green Earth gibt keine pers\u00f6nlichen Daten an Dritte weiter, au\u00dfer an beauftragte Versandunternehmen zum Zweck der Lieferung von Produkten.<br \/>\nAlle erfassten Daten werden nur als Kontaktinformationen innerhalb der Organisation verwendet.<br \/>\n<br \/>Dilibees Ltd. verwendet die Daten f\u00fcr Marketing- und Gesch\u00e4ftszwecke. Dilibees Ltd. f\u00fchrt alle Daten in seinem eigenen Informationssystem (Easy Project) und E-Shop-System zusammen.<br \/>\nJedes andere System verwendet nur Fragmente der Daten und gilt daher nicht als Daten im Sinne der DSGVO.   <\/p>\n<p><b>Recht auf L\u00f6schung der pers\u00f6nlichen Daten<\/b><\/p>\n<p>Jeder hat das Recht auf L\u00f6schung seiner pers\u00f6nlichen Daten.<br \/>\nSchicken Sie einfach eine E-Mail an info@weldingacademyeu.com mit dem Betreff L\u00f6schung der pers\u00f6nlichen Daten.<br \/>\nBitte geben Sie im Text der E-Mail Ihren vollst\u00e4ndigen Namen an.  <\/p>\n<\/div>\n\t\t\t\t\t\t\t\t<\/div>\n\t\t\t\t<\/div>\n\t\t\t\t\t<\/div>\n\t\t\t\t<\/div>\n\t\t\t\t<\/div>\n\t\t","protected":false},"excerpt":{"rendered":"<p>GDPR Dilibees s.r.o. ist der Betreiber des E-Shops www.weldingacademyeu.com. Dilibees s.r.o. ist eine gesch\u00e4ftliche Handelsorganisation. Das bedeutet, dass alle erhobenen Daten zur Unterst\u00fctzung der Gesch\u00e4fte und Dienstleistungen von Dilibees s.r.o. verwendet werden. Im Rahmen der DSGVO werden Daten \u00fcber Personen gesammelt, die als durch die DSGVO gesch\u00fctzt gelten. Erfasste pers\u00f6nliche Daten Vorname und Nachname Telefon Per E-Mail Adresse Geschichte in Bezug auf Besuche vor Ort www.weldingacademyeu.com IP-Adresse Zweck der Datenerhebung, -verarbeitung und des Profilings Dilibees s.r.o. sammelt personenbezogene Daten f\u00fcr die folgenden Zwecke: Bereitstellung von Produkten und Dienstleistungen f\u00fcr Kunden. Informieren Sie Kunden und potenzielle Kunden \u00fcber neue Produkte und andere Informationen und Marketingbotschaften. Datenerhebung: Alle Informationen, die \u00fcber Einzelpersonen gesammelt werden, werden \u00fcber ein Bestell- oder Kontaktformular erfasst. Dilibees Ltd. verwendet keine Daten \u00fcber Personen aus externen Quellen. Datenkombination und Profilerstellung: Green Earth gibt keine pers\u00f6nlichen Daten an Dritte weiter, au\u00dfer an beauftragte Versandunternehmen zum Zweck der Lieferung von Produkten. Alle erfassten Daten werden nur als Kontaktinformationen innerhalb der Organisation verwendet. Dilibees Ltd. verwendet die Daten f\u00fcr Marketing- und Gesch\u00e4ftszwecke. Dilibees Ltd. f\u00fchrt alle Daten in seinem eigenen Informationssystem (Easy Project) und E-Shop-System zusammen. Jedes andere System verwendet nur Fragmente der Daten und gilt daher nicht als Daten im Sinne der DSGVO. Recht auf L\u00f6schung der pers\u00f6nlichen Daten Jeder hat das Recht auf L\u00f6schung seiner pers\u00f6nlichen Daten. Schicken Sie einfach eine E-Mail an info@weldingacademyeu.com mit dem Betreff L\u00f6schung der pers\u00f6nlichen Daten. Bitte geben Sie im Text der E-Mail Ihren vollst\u00e4ndigen Namen an.<\/p>\n","protected":false},"author":1,"featured_media":0,"parent":0,"menu_order":0,"comment_status":"closed","ping_status":"closed","template":"","meta":{"_acf_changed":false,"editor_plus_copied_stylings":"{}","footnotes":""},"class_list":["post-31248","page","type-page","status-publish","hentry"],"acf":[],"_links":{"self":[{"href":"https:\/\/www.weldingacademyeu.com\/de\/wp-json\/wp\/v2\/pages\/31248","targetHints":{"allow":["GET"]}}],"collection":[{"href":"https:\/\/www.weldingacademyeu.com\/de\/wp-json\/wp\/v2\/pages"}],"about":[{"href":"https:\/\/www.weldingacademyeu.com\/de\/wp-json\/wp\/v2\/types\/page"}],"author":[{"embeddable":true,"href":"https:\/\/www.weldingacademyeu.com\/de\/wp-json\/wp\/v2\/users\/1"}],"replies":[{"embeddable":true,"href":"https:\/\/www.weldingacademyeu.com\/de\/wp-json\/wp\/v2\/comments?post=31248"}],"version-history":[{"count":1,"href":"https:\/\/www.weldingacademyeu.com\/de\/wp-json\/wp\/v2\/pages\/31248\/revisions"}],"predecessor-version":[{"id":31249,"href":"https:\/\/www.weldingacademyeu.com\/de\/wp-json\/wp\/v2\/pages\/31248\/revisions\/31249"}],"wp:attachment":[{"href":"https:\/\/www.weldingacademyeu.com\/de\/wp-json\/wp\/v2\/media?parent=31248"}],"curies":[{"name":"wp","href":"https:\/\/api.w.org\/{rel}","templated":true}]}}